{"id":764,"date":"2018-08-29T19:06:34","date_gmt":"2018-08-29T22:06:34","guid":{"rendered":"https:\/\/cja-bue.infd.edu.ar\/sitio\/historia\/"},"modified":"2024-10-10T10:59:14","modified_gmt":"2024-10-10T13:59:14","slug":"historia","status":"publish","type":"page","link":"https:\/\/cja-bue.infd.edu.ar\/sitio\/historia\/","title":{"rendered":"Historia"},"content":{"rendered":"<p><span style=\"color: #cc6600; font-family: arial,helvetica,sans-serif; font-size: medium;\"><strong><em>P\u00e1gina en construcci\u00f3n<\/em><\/strong><\/span><\/p>\n<p>En 1949 se inauguraba el Conservatorio de M\u00fasica de La Plata, surgiendo en 1951 la filial N\u00ba 1 de dicho Conservatorio, en la localidad de Banfield, partido de Lomas de Zamora, designado como \u00abConservatorio de M\u00fasica y Arte Esc\u00e9nico de la Provincia de Bs. As., filial N\u00ba 1\u00bb, bajo la dependencia de su sede central en La Plata y desempe\u00f1\u00e1ndose como director el Maestro Alberto Ginastera.<br \/>\nSu cuerpo docente es formado con profesores de la Escuela Profesional de Artes y Oficios que ya funcionaba en el partido. Las especialidades M\u00fasica y Arte Esc\u00e9nico pasaron al turno vespertino de la Escuela N\u00ba 31, Av. Hip\u00f3lito Yrigoyen 7672;<br \/>\nEn el primer Libro de Actas de Ex\u00e1menes del establecimiento -documento m\u00e1s antiguo que se ha hallado- figura el 15 de mayo de 1951 como fecha de los primeros ex\u00e1menes de admisi\u00f3n a las carreras de M\u00fasica y Arte Esc\u00e9nico, por lo cual se considera ese d\u00eda el de su fundaci\u00f3n.<\/p>\n<p>Entre los profesores fundadores y sus inmediatos seguidores podemos mencionar a Carlos Perelli, Milagros de la Vega, Belisario Rold\u00e1n hijo, Mar\u00eda Rosa Gallo, Fernando Labat en Teatro; y Roberto Castro, Egidio Corvi, Francisco Delbene, Ang\u00e9lica Constantino, Delia Cosentino, H\u00e9ctor Carfi, Mar\u00eda Lorusso, Filoctetes Martorella, Tirso de Olaz\u00e1bal, Juan Carlos Paz, Roberto Garc\u00eda Morillo, Luis Gianneo, Virt\u00fa Maragno, Alfredo Montanaro, Pedro di Gregorio, Eduardo Acedo, Pascual Grisol\u00eda, Adalberto Tortorella, Mar\u00eda Ang\u00e9lica Funes, Lucio N\u00fa\u00f1ez en M\u00fasica, todos durante la d\u00e9cada del cincuenta y subsiguientes.<br \/>\nLas primeras asignaturas en dictarse fueron Introducci\u00f3n a la M\u00fasica, Piano, Viol\u00edn, Canto, Guitarra, Arte Dram\u00e1tico, Gram\u00e1tica e Historia del Teatro.<\/p>\n<p><span class=\"verdana11 Estilo1\"><strong>MOMENTOS RELEVANTES DE SU HISTORIA<\/strong><\/span><\/p>\n<p>A poco de crearse la Direcci\u00f3n de Ense\u00f1anza Art\u00edstica en 1957 los establecimientos de tal modalidad pasan a depender de ella, y en los a\u00f1os inmediatos siguientes se produce la descentralizaci\u00f3n y autonom\u00eda de filiales. En ese a\u00f1o se lo designa con el nombre de \u00abJuli\u00e1n Aguirre\u00bb, como homenaje a la memoria del ilustre compositor argentino.<br \/>\nA fines de la d\u00e9cada del 50 se establece la Planta Org\u00e1nico Funcional y Categor\u00eda de los Institutos dependientes de Art\u00edstica y se asigna al Conservatorio Juli\u00e1n Aguirre como de \u00abprimera categor\u00eda\u00bb (Res. 3465\/61), en m\u00e9rito a su importancia. Desde su fundaci\u00f3n en 1951 se han sucedido los siguientes directores: Hasta 1958 Alberto Ginastera; de 1959 a 1960 Juan Carlos Paz; de 1961 hasta 1968 Osvaldo Zeoli; desde 1969 hasta 1991 Angel Roberto Chiarenza; desde 1992 a 1997 Mar\u00eda In\u00e9s Ferrero; desde 1998 a 2006 Luis Alberto Sardo y desde el a\u00f1o 2007 Omar Mart\u00ednez.<\/p>\n<p>El crecimiento del Conservatorio en los a\u00f1os 60 fue constante; de 300 alumnos en 1966 pas\u00f3 a 400 en 1970.<br \/>\nEn 1972 -otro a\u00f1o memorable para los Institutos oficiales de la Provincia- se les otorga validez nacional a los t\u00edtulos emitidos por todos ellos, seg\u00fan convenio suscripto por los ministros de ambas jurisdicciones.<\/p>\n<p>La d\u00e9cada del 80 signific\u00f3 un desborde de alumnado para las instalaciones del Conservatorio que culmina en 1989, a\u00f1o en que el gobierno de la provincia decide alquilar el inmueble ubicado en la Av. Alte. Brown 3321, primer piso en T\u00e9mperley, y poco despu\u00e9s tambi\u00e9n su segundo piso, para funcionar como un anexo o sucursal que descomprima las instalaciones en Banfield. Este comienza a funcionar en junio de dicho a\u00f1o.<\/p>\n<p>Los 90 se inician con las 2 sedes funcionando a pleno, y en el 91 se obtiene adem\u00e1s la cesi\u00f3n por parte del Consejo Escolar de la ex-casa habitaci\u00f3n de la Escuela 31 en exclusividad para el Conservatorio, para oficinas administrativas y resguardo de instrumentos. Las matr\u00edculas iniciales de cada a\u00f1o superan los 1000 alumnos.<br \/>\nUn gran logro constituy\u00f3 en 1994 la apertura de la carrera de Composici\u00f3n, siendo as\u00ed el \u00abJuli\u00e1n Aguirre\u00bb uno de los pocos Conservatorios provinciales en poseerla. Dentro de tal carrera ya empieza a vislumbrarse la concreci\u00f3n de un Taller de Electroac\u00fastica.<\/p>\n<p>Nuevos instrumentos se fueron incorporando en esta d\u00e9cada debido a la demanda de los alumnos: flauta dulce en el 92, bandone\u00f3n en el 97 contando as\u00ed con la totalidad de los Instrumentos del Plan de Estudios: arpa, bandone\u00f3n, piano, guitarra, flauta traversa, flauta dulce, percusi\u00f3n, viol\u00edn, viola, violonchelo, contrabajo, oboe, clarinete, fagot, saxof\u00f3n, trompeta, trompa, tromb\u00f3n, tuba y las carreras de Canto, Educaci\u00f3n Musical, Direcci\u00f3n Coral y Composici\u00f3n.<\/p>\n<p>En 2001 el Conservatorio Juli\u00e1n Aguirre cumple sus primeros 50 a\u00f1os de vida, lo cual motiv\u00f3 el despliegue de una gran actividad musical, entre ellas la \u201cEXPOAGUIRRE 2001\u201d, megaevento en la que particip\u00f3 la Instituci\u00f3n en su totalidad. Por otra parte, grandes personalidades de la m\u00fasica de nuestro pa\u00eds se han adherido con conferencias, conciertos, charlas, etc., entre la que podr\u00edamos mencionar a la music\u00f3loga Pola Su\u00e1rez Urtubey y el maestro Mario Videla.<\/p>\n<p>En 2004, luego de muchos a\u00f1os de gesti\u00f3n y largos tr\u00e1mites se ha conseguido agrupar en Banfield ambas sedes para lo cual se han construido aulas en los terrenos libres de esa sede, redistribuyendo y organizando espacios que permitan esta unificaci\u00f3n.<\/p>\n<p>Desde hace varios a\u00f1os se han formado interminables colas para poder ingresar que han superado los 15 d\u00edas (hecho in\u00e9dito quiz\u00e1 \u00fanico en el mundo) por lo cual la Rama Art\u00edstica ha aprobado un cambio en el sistema de ingreso que contempla un Taller de Integraci\u00f3n Musical (T.I.M.) para los interesados, posibilitando que todos tengan una visi\u00f3n de lo que ofrece el Conservatorio, su modalidad de ense\u00f1anza y muestras de instrumentos, adem\u00e1s de permitir participar en un sorteo para ordenar la inscripci\u00f3n.<\/p>\n<p>Un logro importante del Conservatorio Juli\u00e1n Aguirre es haber obtenido en 2004 \u201cAcreditaci\u00f3n Plena\u201d \u2013\u00fanico Instituto de Art\u00edstica que lo obtuvo en primera instancia-, lo cual le permite cumplir con las nuevas finalidades de los Institutos Terciarios: formaci\u00f3n de grado, extensi\u00f3n, capacitaci\u00f3n e investigaci\u00f3n, adem\u00e1s de proponer post\u00edtulos.<br \/>\nDesde 2005 se brindan nuevos talleres de extensi\u00f3n que proporcionan un primer acercamiento de la comunidad al mundo de la m\u00fasica (guitarra, teclado, canto, percusi\u00f3n), que se suman a las orquestas y coros, elevando la matr\u00edcula estable promedio de la Instituci\u00f3n a 2400 alumnos.<\/p>\n<p>En 2006 se han comenzado a implementar los Post\u00edtulos (siendo \u00e9stos los primeros aprobados por la Rama en la Provincia de Buenos Aires): Post\u00edtulo de Especializaci\u00f3n Superior en Instrumento\/Canto (Res. N\u00ba 538\/07) y Post\u00edtulo de Especializaci\u00f3n Superior en Educaci\u00f3n Musical con Orientaci\u00f3n en Disciplinas Did\u00e1cticas de la M\u00fasica (Res. N\u00ba 1245\/07).<\/p>\n<p><span class=\"verdana11 Estilo1\"><strong>EL CONSERVATORIO EN LA ACTUALIDAD<\/strong><\/span><\/p>\n<p>En 2007 se ha creado una Orquesta infantil, proyecto de extensi\u00f3n en conjunto con la E.P. 31, convocando a sus alumnos a realizar una actividad comunitaria que les permita un acceso al conocimiento y la producci\u00f3n musical bas\u00e1ndose en la pr\u00e1ctica orquestal.<\/p>\n<p>En 2008 se ha iniciado un proyecto interc\u00e1tedra denominado \u201cCentro de M\u00fasica Antigua Carlo Gesualdo\u201d, el cual ha generado una serie de conciertos y masterclases dictados por eminentes figuras de renombre internacional, como Dolores Costoyas, Tatiana Babut du Mares, Claudia Odoguardi, Gabriel Schebor, Ensamble Labor Intus, Evar Catibiela, Alicia Mor\u00e1n, Gustavo Gargiullo, Ariel Azcu\u00e9, Gabor Hegyi, etc<\/p>\n<p>Por Ordenanza N\u00ba11997 el Honorable Concejo Deliberante de Lomas de Zamora declar\u00f3 a Banfield \u201cCiudad de la M\u00fasica Antigua\u201d, debido a la importante trayectoria de esta Instituci\u00f3n. Asimismo se han realizado en ese a\u00f1o clases magistrales a cargo de Vikt\u00f3ria Herencs\u00e1r (cimbalon), P\u00eda Sebastiani (piano) y Alexis Lugo (viol\u00edn).<\/p>\n<p>Desde 2009 nos han brindado conciertos, conferencias o masterclases las siguientes personalidades: Azucena Fraboschi, Eugenia Gonz\u00e1lez Impieri, Agnes Szakaly (cimbal\u00f3n, Hungr\u00eda), Claudio Morla, Ra\u00fal Minsburg, Sonia Lee (clave, Canad\u00e1), Michael Tsalka (clave, Israel-M\u00e9xico), Ver\u00f3nica Dalmasso, David Handel (U.S.A.), Jerez Le Camp Quartet (Francia), Norberto Broggini (Ginebra, Suiza), Margarita Pollini, Jorge Renter\u00eda Campos (trompa, Espa\u00f1a), Sylvia Leidemann, Eduardo Fern\u00e1ndez (guitarra, Uruguay), Favio Shifres, Gustavo Vargas, Stefano Mancuso (piano, Italia) y Pablo Agri, Eduardo Isaac (guitarra), Santiago Clemenz (flauta traversa), Fausto Roca (Espa\u00f1a), Carolina Wagner, Sarolta Platty (Hungr\u00eda), entre otros.<\/p>\n<p>Nuestra instituci\u00f3n cubre las necesidades pedag\u00f3gico-musicales en el \u00e1rea art\u00edstica de las escuelas primarias y secundarias, profesorados, bandas, orquestas, seminarios, formaci\u00f3n docente, trayectos formativos, etc. en los partidos de Lomas de Zamora, Alte. Brown, Presidente Per\u00f3n, Lan\u00fas, Avellaneda, Esteban Echeverr\u00eda, Florencio Varela, Quilmes e incluso ciudades alejadas del interior del pa\u00eds.<br \/>\nGran cantidad de nuestros exalumnos son hoy respetados m\u00fasicos, profesores, artistas y pedagogos, muchos integrantes de las m\u00e1s importantes orquestas del pa\u00eds y del exterior con reconocimiento internacional.<\/p>\n<p>60\u00ba aniversario<br \/>\nEn 2011 el Conservatorio Juli\u00e1n Aguirre festeja su 60\u00ba aniversario, debido a lo cual ha organizado una serie de eventos que culminaron con el Festival de M\u00fasica y un Simposio para el Fortalecimiento de las Pr\u00e1cticas Musicales (SIPRAM 2011) con la participaci\u00f3n de importantes figuras de la escena musical Nacional e internacional. Participaron del Festival de M\u00fasica, entre otros Fabrizio Pierone (Italia, masterclass de jazz); Mar\u00eda Noel Luzardo (masterclass de saxo); Orlando Milla\u00e1 (masterclass de piano); Mar\u00eda Cecilia Mu\u00f1oz (exalumna residente en Suiza, masterclass de flauta traversa); Sebasti\u00e1n Masci (masterclass de viol\u00edn); Santiago Santero (compositor, director musical); Amanda Guerre\u00f1o, Irma Urteaga, Eva Lopszyc, Nelly G\u00f3mez y Cecilia Gros (Foro Argentino de Compositoras); Cuarteto de Saxos \u201cCuatro Vientos\u201d; Rafael G\u00edntoli (viol\u00edn), Alicia Belleville (piano), Marcos Puente Olivera (piano); Bruno Amalfitano (piano); Laura Daian (piano); Pablo Agri (exalumno, viol\u00edn); Juan Jos\u00e9 Acu\u00f1a (percusi\u00f3n); Gustavo Popi Spatocco (exalumno, piano); Ana Varvar\u00e1 (exalumna, arpa).<br \/>\nParticiparon del Simposio SIPRAM 2011 entre otros, Antonio Russo (director de coro); Mar\u00eda del Carmen Aguilar (educadora musical); Juan Carlos Figueiras (compositor); Silvia Furn\u00f3; Marina Pe\u00f1a; H\u00e9ctor Goyena; Luis Mihovilcevic; Gustavo Samela, Daniel Schachter (compositor); Ra\u00fal Minsburg (compositor) y Alejandro Schaikis (viol\u00edn).<\/p>\n<p>Nuestra instituci\u00f3n cubre las necesidades pedag\u00f3gico-musicales en el \u00e1rea art\u00edstica de las escuelas primarias y secundarias, profesorados, bandas, orquestas, seminarios, formaci\u00f3n docente, trayectos formativos, etc. en los partidos de Lomas de Zamora, Alte. Brown, Presidente Per\u00f3n, Lan\u00fas, Avellaneda, Esteban Echeverr\u00eda, Florencio Varela, Quilmes e incluso ciudades alejadas del interior del pa\u00eds.<br \/>\nGran cantidad de nuestros exalumnos son hoy respetados m\u00fasicos, profesores, artistas y pedagogos, muchos integrantes de las m\u00e1s importantes orquestas del pa\u00eds y del exterior con reconocimiento internacional.<\/p>\n","protected":false},"excerpt":{"rendered":"<p>P\u00e1gina en construcci\u00f3n En 1949 se inauguraba el Conservatorio de M\u00fasica de La Plata, surgiendo en 1951 la filial N\u00ba 1 de dicho Conservatorio, en la localidad de Banfield, partido de Lomas de Zamora, designado como \u00abConservatorio de M\u00fasica y Arte Esc\u00e9nico de la Provincia de Bs. As., filial N\u00ba 1\u00bb, bajo la dependencia de &#8230; <a title=\"Historia\" class=\"read-more\" href=\"https:\/\/cja-bue.infd.edu.ar\/sitio\/historia\/\" aria-label=\"More on Historia\">[+]<\/a><\/p>\n","protected":false},"author":14,"featured_media":0,"parent":0,"menu_order":0,"comment_status":"closed","ping_status":"closed","template":"","meta":[],"acf":[],"_links":{"self":[{"href":"https:\/\/cja-bue.infd.edu.ar\/sitio\/wp-json\/wp\/v2\/pages\/764"}],"collection":[{"href":"https:\/\/cja-bue.infd.edu.ar\/sitio\/wp-json\/wp\/v2\/pages"}],"about":[{"href":"https:\/\/cja-bue.infd.edu.ar\/sitio\/wp-json\/wp\/v2\/types\/page"}],"author":[{"embeddable":true,"href":"https:\/\/cja-bue.infd.edu.ar\/sitio\/wp-json\/wp\/v2\/users\/14"}],"replies":[{"embeddable":true,"href":"https:\/\/cja-bue.infd.edu.ar\/sitio\/wp-json\/wp\/v2\/comments?post=764"}],"version-history":[{"count":1,"href":"https:\/\/cja-bue.infd.edu.ar\/sitio\/wp-json\/wp\/v2\/pages\/764\/revisions"}],"predecessor-version":[{"id":980,"href":"https:\/\/cja-bue.infd.edu.ar\/sitio\/wp-json\/wp\/v2\/pages\/764\/revisions\/980"}],"wp:attachment":[{"href":"https:\/\/cja-bue.infd.edu.ar\/sitio\/wp-json\/wp\/v2\/media?parent=764"}],"curies":[{"name":"wp","href":"https:\/\/api.w.org\/{rel}","templated":true}]}}