{"id":762,"date":"2018-08-29T19:06:34","date_gmt":"2018-08-29T22:06:34","guid":{"rendered":"https:\/\/cja-bue.infd.edu.ar\/sitio\/autoridades\/"},"modified":"2024-12-21T21:28:37","modified_gmt":"2024-12-22T00:28:37","slug":"autoridades","status":"publish","type":"page","link":"https:\/\/cja-bue.infd.edu.ar\/sitio\/autoridades\/","title":{"rendered":"Autoridades"},"content":{"rendered":"\n<p class=\"has-text-align-center\">&nbsp;<\/p>\n\n\n\n<p class=\"has-text-align-center\"><span style=\"font-family: arial, helvetica, sans-serif; color: #000000; font-size: 12pt;\"><strong>Directora<\/strong><\/span><\/p>\n\n\n\n<p class=\"has-text-align-center\"><span style=\"font-family: arial, helvetica, sans-serif; font-size: 12pt; color: #000000;\"><strong>Lic. <span style=\"font-family: Arial; font-size: 12pt;\">Cecilia Rojo&nbsp;<\/span><\/strong><\/span><\/p>\n\n\n\n<div style=\"height:36px\" aria-hidden=\"true\" class=\"wp-block-spacer\"><\/div>\n\n\n\n<p class=\"has-text-align-center\"><span style=\"color: #000000;\"><strong><span style=\"font-family: Arial; font-size: 12pt;\">Regente<\/span><\/strong><\/span><\/p>\n\n\n\n<h4 class=\"wp-block-heading has-text-align-center\"><span style=\"color: #000000;\"><strong><span style=\"font-family: Arial; font-size: 12pt;\">Prof.<\/span><\/strong><strong><span style=\"font-family: Arial; font-size: 12pt;\"> Silvina Exp\u00f3sito<\/span><\/strong><\/span><\/h4>\n\n\n\n<div style=\"height:36px\" aria-hidden=\"true\" class=\"wp-block-spacer\"><\/div>\n\n\n\n<p class=\"has-text-align-center\"><span style=\"color: #000000;\"><strong><span style=\"font-family: Arial; font-size: 12pt;\">Secretaria<\/span><\/strong><\/span><\/p>\n\n\n\n<p class=\"has-text-align-center\"><span style=\"color: #000000;\"><strong><span style=\"font-family: Arial; font-size: 12pt;\"> Prof. Florencia Battagliero<\/span><\/strong><\/span><\/p>\n\n\n\n<div style=\"height:36px\" aria-hidden=\"true\" class=\"wp-block-spacer\"><\/div>\n\n\n\n<p class=\"has-text-align-center\"><span style=\"color: #000000;\"><strong><span style=\"font-family: Arial; font-size: 12pt;\">Jefes de \u00e1rea<\/span><\/strong><\/span><\/p>\n\n\n\n<p class=\"has-text-align-center\"><span style=\"color: #000000;\"><strong><span style=\"font-family: Arial; font-size: 12pt;\">\u00c1rea FOBA (Plan ni\u00f1os): <\/span><\/strong><\/span><\/p>\n\n\n\n<p class=\"has-text-align-center\"><span style=\"color: #000000;\"><strong><span style=\"font-family: Arial; font-size: 12pt;\">Prof. Danilo Abad <\/span><\/strong><\/span><\/p>\n\n\n\n<div style=\"height:22px\" aria-hidden=\"true\" class=\"wp-block-spacer\"><\/div>\n\n\n\n<p class=\"has-text-align-center\"><span style=\"color: #000000;\"><span style=\"font-family: Arial; font-size: 12pt;\"><span style=\"font-family: Arial;\"><span style=\"font-size: 12pt;\"><b>\u00c1rea FOBA (Plan <\/b><\/span><span style=\"font-size: 16px;\"><b>J\u00f3venes<\/b><\/span><span style=\"font-size: 12pt;\"><b> y adultos): <\/b><\/span><\/span><\/span><\/span><\/p>\n\n\n\n<p class=\"has-text-align-center\"><span style=\"color: #000000;\"><span style=\"font-family: Arial; font-size: 12pt;\"><span style=\"font-family: Arial;\"><span style=\"font-size: 12pt;\"><b>Prof. <\/b><\/span><\/span><\/span><strong><span style=\"font-family: Arial; font-size: 12pt;\">Claudia Pintado<\/span><\/strong><\/span><\/p>\n\n\n\n<div style=\"height:22px\" aria-hidden=\"true\" class=\"wp-block-spacer\"><\/div>\n\n\n\n<p class=\"has-text-align-center\"><span style=\"font-family: Arial; font-size: 12pt; color: #000000;\"><span style=\"font-family: Arial;\"><span style=\"font-size: 12pt;\"><b>\u00c1rea Superior (Profesorados y tecnicaturas): <\/b><\/span><\/span><\/span><\/p>\n\n\n\n<p class=\"has-text-align-center\"><span style=\"font-family: Arial; font-size: 12pt; color: #000000;\"><span style=\"font-family: Arial;\"><span style=\"font-size: 12pt;\"><b>Prof. Marina Wille<\/b><\/span><\/span><\/span><\/p>\n\n\n\n<div style=\"height:22px\" aria-hidden=\"true\" class=\"wp-block-spacer\"><\/div>\n\n\n\n<p class=\"has-text-align-center\"><span style=\"font-family: Arial; font-size: 12pt; color: #000000;\"><span style=\"font-family: Arial;\"><span style=\"font-size: 12pt;\"><b>\u00c1rea Instrumento: <\/b><\/span><\/span><\/span><\/p>\n\n\n\n<p class=\"has-text-align-center\"><span style=\"font-family: Arial; font-size: 12pt; color: #000000;\"><span style=\"font-family: Arial;\"><span style=\"font-size: 12pt;\"><b>Prof. <\/b><\/span><span style=\"font-size: 16px;\"><b>Gast\u00f3n<\/b><\/span><span style=\"font-size: 12pt;\"><b>&nbsp;Battagliero<\/b><\/span><\/span><\/span><\/p>\n\n\n\n<div style=\"height:9px\" aria-hidden=\"true\" class=\"wp-block-spacer\"><\/div>\n\n\n\n<p class=\"has-text-align-center\"><span style=\"font-family: Arial; font-size: 12pt; color: #000000;\"><span style=\"font-family: Arial;\"><span style=\"font-size: 12pt;\"><b>\u00c1rea Instrumento (piano y guitarra): <\/b><\/span><\/span><\/span><\/p>\n\n\n\n<p class=\"has-text-align-center\"><span style=\"font-family: Arial; font-size: 12pt; color: #000000;\"><span style=\"font-family: Arial;\"><span style=\"font-size: 12pt;\"><b>Prof. Marina Wille<\/b><\/span><\/span><\/span><\/p>\n\n\n\n<div style=\"height:65px\" aria-hidden=\"true\" class=\"wp-block-spacer\"><\/div>\n","protected":false},"excerpt":{"rendered":"<p>&nbsp; Directora Lic. Cecilia Rojo&nbsp; Regente Prof. Silvina Exp\u00f3sito Secretaria Prof. Florencia Battagliero Jefes de \u00e1rea \u00c1rea FOBA (Plan ni\u00f1os): Prof. Danilo Abad \u00c1rea FOBA (Plan J\u00f3venes y adultos): Prof. Claudia Pintado \u00c1rea Superior (Profesorados y tecnicaturas): Prof. Marina Wille \u00c1rea Instrumento: Prof. Gast\u00f3n&nbsp;Battagliero \u00c1rea Instrumento (piano y guitarra): Prof. Marina Wille<\/p>\n","protected":false},"author":14,"featured_media":0,"parent":0,"menu_order":0,"comment_status":"closed","ping_status":"closed","template":"","meta":[],"acf":[],"_links":{"self":[{"href":"https:\/\/cja-bue.infd.edu.ar\/sitio\/wp-json\/wp\/v2\/pages\/762"}],"collection":[{"href":"https:\/\/cja-bue.infd.edu.ar\/sitio\/wp-json\/wp\/v2\/pages"}],"about":[{"href":"https:\/\/cja-bue.infd.edu.ar\/sitio\/wp-json\/wp\/v2\/types\/page"}],"author":[{"embeddable":true,"href":"https:\/\/cja-bue.infd.edu.ar\/sitio\/wp-json\/wp\/v2\/users\/14"}],"replies":[{"embeddable":true,"href":"https:\/\/cja-bue.infd.edu.ar\/sitio\/wp-json\/wp\/v2\/comments?post=762"}],"version-history":[{"count":13,"href":"https:\/\/cja-bue.infd.edu.ar\/sitio\/wp-json\/wp\/v2\/pages\/762\/revisions"}],"predecessor-version":[{"id":1102,"href":"https:\/\/cja-bue.infd.edu.ar\/sitio\/wp-json\/wp\/v2\/pages\/762\/revisions\/1102"}],"wp:attachment":[{"href":"https:\/\/cja-bue.infd.edu.ar\/sitio\/wp-json\/wp\/v2\/media?parent=762"}],"curies":[{"name":"wp","href":"https:\/\/api.w.org\/{rel}","templated":true}]}}