{"id":753,"date":"2018-08-29T19:06:30","date_gmt":"2018-08-29T22:06:30","guid":{"rendered":"https:\/\/cja-bue.infd.edu.ar\/sitio\/datos-institucionales\/"},"modified":"2024-10-10T19:56:14","modified_gmt":"2024-10-10T22:56:14","slug":"datos-institucionales","status":"publish","type":"page","link":"https:\/\/cja-bue.infd.edu.ar\/sitio\/datos-institucionales\/","title":{"rendered":"Datos institucionales"},"content":{"rendered":"<blockquote><p><span style=\"font-family: verdana; font-size: 10pt;\"><strong>ISFD Conservatorio de M\u00fasica Juli\u00e1n Aguirre<\/strong><\/span><\/p>\n<ul>\n<li><span style=\"font-family: verdana; font-size: 10pt;\">Horarios de atenci\u00f3n: 8 a 12hs &#8211; 13 a 17hs &#8211; 18 a 22hs<\/span><\/li>\n<li><span style=\"font-family: verdana; font-size: 10pt;\">Direcci\u00f3n: Av. H. Yrigoyen 7652 &#8211; Banfield &#8211; Bs. As. Argentina\u00a0<\/span><\/li>\n<li><span style=\"font-family: verdana; font-size: 10pt;\">Tel\u00e9fono: 2097-9192<\/span><\/li>\n<li><span style=\"font-family: verdana; font-size: 10pt;\">Direcci\u00f3n Anexo Temperley: Av Meeks 778 &#8211; Tel: 7547-6496 (s\u00f3lo de 18 a 22hs)<\/span><\/li>\n<li><span style=\"font-family: verdana; font-size: 10pt;\">E-mail de consultas: TURNO MA\u00d1ANA\u00a0 <\/span><span style=\"font-family: verdana; font-size: 10pt;\">fobabanfieldtm@gmail.com\u00a0 \u00a0 \u00a0 \u00a0 \u00a0<\/span><span style=\"font-family: verdana; font-size: 10pt;\">TURNO TARDE: fobabanfieldtt@gmail.com\u00a0 \u00a0 \u00a0 \u00a0 TURNO VESPERTINO: fobabanfieldtv@gmail.com<\/span><\/li>\n<li><span style=\"font-family: verdana; font-size: 10pt;\">URL: <a href=\"http:\/\/www.consaguirre.com.ar\/\">http:\/\/www.consaguirre.com.ar\/<\/a><\/span><\/li>\n<\/ul>\n<\/blockquote>\n","protected":false},"excerpt":{"rendered":"<p>ISFD Conservatorio de M\u00fasica Juli\u00e1n Aguirre Horarios de atenci\u00f3n: 8 a 12hs &#8211; 13 a 17hs &#8211; 18 a 22hs Direcci\u00f3n: Av. H. Yrigoyen 7652 &#8211; Banfield &#8211; Bs. As. Argentina\u00a0 Tel\u00e9fono: 2097-9192 Direcci\u00f3n Anexo Temperley: Av Meeks 778 &#8211; Tel: 7547-6496 (s\u00f3lo de 18 a 22hs) E-mail de consultas: TURNO MA\u00d1ANA\u00a0 fobabanfieldtm@gmail.com\u00a0 \u00a0 \u00a0 &#8230; <a title=\"Datos institucionales\" class=\"read-more\" href=\"https:\/\/cja-bue.infd.edu.ar\/sitio\/datos-institucionales\/\" aria-label=\"More on Datos institucionales\">[+]<\/a><\/p>\n","protected":false},"author":14,"featured_media":0,"parent":0,"menu_order":0,"comment_status":"closed","ping_status":"closed","template":"","meta":[],"acf":[],"_links":{"self":[{"href":"https:\/\/cja-bue.infd.edu.ar\/sitio\/wp-json\/wp\/v2\/pages\/753"}],"collection":[{"href":"https:\/\/cja-bue.infd.edu.ar\/sitio\/wp-json\/wp\/v2\/pages"}],"about":[{"href":"https:\/\/cja-bue.infd.edu.ar\/sitio\/wp-json\/wp\/v2\/types\/page"}],"author":[{"embeddable":true,"href":"https:\/\/cja-bue.infd.edu.ar\/sitio\/wp-json\/wp\/v2\/users\/14"}],"replies":[{"embeddable":true,"href":"https:\/\/cja-bue.infd.edu.ar\/sitio\/wp-json\/wp\/v2\/comments?post=753"}],"version-history":[{"count":5,"href":"https:\/\/cja-bue.infd.edu.ar\/sitio\/wp-json\/wp\/v2\/pages\/753\/revisions"}],"predecessor-version":[{"id":1025,"href":"https:\/\/cja-bue.infd.edu.ar\/sitio\/wp-json\/wp\/v2\/pages\/753\/revisions\/1025"}],"wp:attachment":[{"href":"https:\/\/cja-bue.infd.edu.ar\/sitio\/wp-json\/wp\/v2\/media?parent=753"}],"curies":[{"name":"wp","href":"https:\/\/api.w.org\/{rel}","templated":true}]}}