{"id":729,"date":"2018-08-29T19:06:26","date_gmt":"2018-08-29T22:06:26","guid":{"rendered":"https:\/\/cja-bue.infd.edu.ar\/sitio\/otros-proyectos-institucionales\/"},"modified":"2020-08-15T13:32:47","modified_gmt":"2020-08-15T16:32:47","slug":"otros-proyectos-institucionales","status":"publish","type":"page","link":"https:\/\/cja-bue.infd.edu.ar\/sitio\/otros-proyectos-institucionales\/","title":{"rendered":"Otros Proyectos Institucionales"},"content":{"rendered":"<div><\/div>\n<h2 style=\"text-align: center;\"><strong><span style=\"color: #3366ff;\">PROYECTO BR\u00c4ILLE<\/span><\/strong><\/h2>\n<p>&nbsp;<\/p>\n<ul>\n<li>\u00a0 \u00a0<a href=\"https:\/\/cecilrojo.wixsite.com\/musicografiabraille\">Proyecto de Musicograf\u00eda Br\u00e4ille\u00a0 \u00a0(Haga lick en \u00e9ste enlace)<\/a><\/li>\n<\/ul>\n<p>El presente Trayecto Formativo para alumnos ciegos, dentro de la Formaci\u00f3n B\u00e1sica en m\u00fasica (pre-grado), ha incorporado espacios espec\u00edficos de apoyo para las necesidades de estudiantes ciegos como videntes tambi\u00e9n, estableciendo un futuro trabajo como agentes multiplicadores.<\/p>\n<p>El Trayecto que actualmente (2020) cuenta con solo un espacio espec\u00edfico:\u00a0 <strong>Musicograf\u00eda Braille I<\/strong>, estar\u00e1 conformado a partir del 2021, con la siguiente estructura pedag\u00f3gica de apoyo.\u00a0 Los invitamos a conocer el presente proyecto ingresando al enlace presentado mas arriba.<\/p>\n<ul>\n<li>Musicograf\u00eda Br\u00e4ille I<\/li>\n<li>Musicograf\u00eda Br\u00e4ille II<\/li>\n<li>T\u00e9cnicas del Movimiento aplicadas para alumnos ciegos.<\/li>\n<li>Inform\u00e1tica Aplicada a la m\u00fasica.<\/li>\n<\/ul>\n","protected":false},"excerpt":{"rendered":"<p>PROYECTO BR\u00c4ILLE &nbsp; \u00a0 \u00a0Proyecto de Musicograf\u00eda Br\u00e4ille\u00a0 \u00a0(Haga lick en \u00e9ste enlace) El presente Trayecto Formativo para alumnos ciegos, dentro de la Formaci\u00f3n B\u00e1sica en m\u00fasica (pre-grado), ha incorporado espacios espec\u00edficos de apoyo para las necesidades de estudiantes ciegos como videntes tambi\u00e9n, estableciendo un futuro trabajo como agentes multiplicadores. El Trayecto que actualmente (2020) &#8230; <a title=\"Otros Proyectos Institucionales\" class=\"read-more\" href=\"https:\/\/cja-bue.infd.edu.ar\/sitio\/otros-proyectos-institucionales\/\" aria-label=\"More on Otros Proyectos Institucionales\">[+]<\/a><\/p>\n","protected":false},"author":14,"featured_media":0,"parent":0,"menu_order":0,"comment_status":"closed","ping_status":"closed","template":"","meta":[],"acf":[],"_links":{"self":[{"href":"https:\/\/cja-bue.infd.edu.ar\/sitio\/wp-json\/wp\/v2\/pages\/729"}],"collection":[{"href":"https:\/\/cja-bue.infd.edu.ar\/sitio\/wp-json\/wp\/v2\/pages"}],"about":[{"href":"https:\/\/cja-bue.infd.edu.ar\/sitio\/wp-json\/wp\/v2\/types\/page"}],"author":[{"embeddable":true,"href":"https:\/\/cja-bue.infd.edu.ar\/sitio\/wp-json\/wp\/v2\/users\/14"}],"replies":[{"embeddable":true,"href":"https:\/\/cja-bue.infd.edu.ar\/sitio\/wp-json\/wp\/v2\/comments?post=729"}],"version-history":[{"count":5,"href":"https:\/\/cja-bue.infd.edu.ar\/sitio\/wp-json\/wp\/v2\/pages\/729\/revisions"}],"predecessor-version":[{"id":807,"href":"https:\/\/cja-bue.infd.edu.ar\/sitio\/wp-json\/wp\/v2\/pages\/729\/revisions\/807"}],"wp:attachment":[{"href":"https:\/\/cja-bue.infd.edu.ar\/sitio\/wp-json\/wp\/v2\/media?parent=729"}],"curies":[{"name":"wp","href":"https:\/\/api.w.org\/{rel}","templated":true}]}}