{"id":725,"date":"2018-08-29T19:06:24","date_gmt":"2018-08-29T22:06:24","guid":{"rendered":"https:\/\/cja-bue.infd.edu.ar\/sitio\/investigacion\/"},"modified":"2025-11-14T13:01:20","modified_gmt":"2025-11-14T16:01:20","slug":"investigacion","status":"publish","type":"page","link":"https:\/\/cja-bue.infd.edu.ar\/sitio\/investigacion\/","title":{"rendered":"Investigaci\u00f3n"},"content":{"rendered":"\n<p>Proyecto 01: <a rel=\"noreferrer noopener\" href=\"https:\/\/cja-bue.infd.edu.ar\/sitio\/wp-content\/uploads\/2025\/07\/01-Ferrero-Furno-Evaluacion-en-el-nivel-superior-2002.pdf\" data-type=\"URL\" data-id=\"https:\/\/cja-bue.infd.edu.ar\/sitio\/wp-content\/uploads\/2025\/07\/01-Ferrero-Furno-Evaluacion-en-el-nivel-superior-2002.pdf\" target=\"_blank\">LA EVALUACI\u00d3N DE LA EJECUCI\u00d3N MUSICAL GRUPAL EN EL NIVEL SUPERIOR &#8211; 2002<\/a>  Mar\u00eda In\u00e9s Ferrero y Silvia Furn\u00f3<\/p>\n\n\n\n<p>Proyecto 02: <a href=\"https:\/\/cja-bue.infd.edu.ar\/sitio\/wp-content\/uploads\/2025\/07\/02-Ferrero-Martin-Lenguaje-no-verbal-A-2002.pdf\" data-type=\"URL\" data-id=\"https:\/\/cja-bue.infd.edu.ar\/sitio\/wp-content\/uploads\/2025\/07\/02-Ferrero-Martin-Lenguaje-no-verbal-A-2002.pdf\" target=\"_blank\" rel=\"noreferrer noopener\">El lenguaje no verbal (LNV) utilizado por profesores de m\u00fasica del nivel superior y su incidencia en el clima \u00e1ulico &#8211; 2002<\/a> Mar\u00eda In\u00e9s Ferrero y M\u00f3nica Mart\u00edn<\/p>\n\n\n\n<p>Proyecto 03: <a href=\"https:\/\/cja-bue.infd.edu.ar\/sitio\/wp-content\/uploads\/2025\/07\/03-Ferrero-Martin-Lenguaje-no-verbal-B-2003.pdf\" data-type=\"URL\" data-id=\"https:\/\/cja-bue.infd.edu.ar\/sitio\/wp-content\/uploads\/2025\/07\/03-Ferrero-Martin-Lenguaje-no-verbal-B-2003.pdf\" target=\"_blank\" rel=\"noreferrer noopener\">El LNV del docente especializado. Indicadores para la observaci\u00f3n. &#8211; 2003<\/a> Mar\u00eda In\u00e9s Ferrero y M\u00f3nica Mart\u00edn<\/p>\n\n\n\n<p>Proyecto 04: <a href=\"https:\/\/cja-bue.infd.edu.ar\/sitio\/wp-content\/uploads\/2025\/07\/04-Ferrero-Martin-Lenguaje-no-verbal-C-2004.pdf\" data-type=\"URL\" data-id=\"https:\/\/cja-bue.infd.edu.ar\/sitio\/wp-content\/uploads\/2025\/07\/04-Ferrero-Martin-Lenguaje-no-verbal-C-2004.pdf\" target=\"_blank\" rel=\"noreferrer noopener\">Relaciones entre indicadores del LNV y el clima \u00e1ulico de la clase de m\u00fasica &#8211; 2004<\/a> Mar\u00eda In\u00e9s Ferrero y M\u00f3nica Mart\u00edn<\/p>\n\n\n\n<p>Proyecto 05: <a href=\"https:\/\/cja-bue.infd.edu.ar\/sitio\/wp-content\/uploads\/2025\/07\/05-Ferrero-Martin-Lenguaje-no-verbal-D-2005-1.pdf\" data-type=\"URL\" data-id=\"https:\/\/cja-bue.infd.edu.ar\/sitio\/wp-content\/uploads\/2025\/07\/05-Ferrero-Martin-Lenguaje-no-verbal-D-2005-1.pdf\" target=\"_blank\" rel=\"noreferrer noopener\">La observaci\u00f3n de LNV empleado por el docente en las clases de m\u00fasica &#8211; 2005<\/a> Mar\u00eda In\u00e9s Ferrero y M\u00f3nica Mart\u00edn<\/p>\n\n\n\n<p>Proyecto 06: <a href=\"https:\/\/cja-bue.infd.edu.ar\/sitio\/wp-content\/uploads\/2025\/07\/06-Ferrero-Martin-Bienestar-2007.pdf\" data-type=\"URL\" data-id=\"https:\/\/cja-bue.infd.edu.ar\/sitio\/wp-content\/uploads\/2025\/07\/06-Ferrero-Martin-Bienestar-2007.pdf\" target=\"_blank\" rel=\"noreferrer noopener\">EL BIEN-ESTAR COMO REQUISITO INDISPENSABLE&#8230; &#8211; 2007<\/a> Mar\u00eda In\u00e9s Ferrero y M\u00f3nica Mart\u00edn<\/p>\n\n\n\n<p>Proyecto 07: <a href=\"https:\/\/cja-bue.infd.edu.ar\/sitio\/wp-content\/uploads\/2025\/07\/07-Ferrero-Martin-Reversion-del-malestar-docente-2008.pdf\" data-type=\"URL\" data-id=\"https:\/\/cja-bue.infd.edu.ar\/sitio\/wp-content\/uploads\/2025\/07\/07-Ferrero-Martin-Reversion-del-malestar-docente-2008.pdf\" target=\"_blank\" rel=\"noreferrer noopener\">Factores que provocan el malestar en los docentes de m\u00fasica &#8211; 2008<\/a> Mar\u00eda In\u00e9s Ferrero y M\u00f3nica Mart\u00edn<\/p>\n\n\n\n<p>Proyecto 08: <a href=\"https:\/\/cja-bue.infd.edu.ar\/sitio\/wp-content\/uploads\/2025\/07\/08-Ferrero-Martin-Evaluacion-Producciones-Musicales-Grupales-2010-A.pdf\" data-type=\"URL\" data-id=\"https:\/\/cja-bue.infd.edu.ar\/sitio\/wp-content\/uploads\/2025\/07\/08-Ferrero-Martin-Evaluacion-Producciones-Musicales-Grupales-2010-A.pdf\" target=\"_blank\" rel=\"noreferrer noopener\">La importancia del feedback constructivo en la evaluaci\u00f3n de las producciones musicales grupales (PMG) &#8211; 2010<\/a> Mar\u00eda In\u00e9s Ferrero y M\u00f3nica Mart\u00edn <\/p>\n\n\n\n<p>Proyecto 09: <a href=\"https:\/\/cja-bue.infd.edu.ar\/sitio\/wp-content\/uploads\/2025\/07\/09-Ferrero-Martin-Evaluacion-Producciones-Musicales-Grupales-2010-B.pdf\" data-type=\"URL\" data-id=\"https:\/\/cja-bue.infd.edu.ar\/sitio\/wp-content\/uploads\/2025\/07\/09-Ferrero-Martin-Evaluacion-Producciones-Musicales-Grupales-2010-B.pdf\" target=\"_blank\" rel=\"noreferrer noopener\">Evaluaci\u00f3n de las PMG en la formaci\u00f3n profesional &#8211; 2010<\/a> Mar\u00eda In\u00e9s Ferrero y M\u00f3nica Mart\u00edn<\/p>\n\n\n\n<p>Proyecto 10: <a href=\"https:\/\/cja-bue.infd.edu.ar\/sitio\/wp-content\/uploads\/2025\/07\/10-Ferrero-Martin-Evaluacion-de-resultados-en-PMGs-2011.pdf\" data-type=\"URL\" data-id=\"https:\/\/cja-bue.infd.edu.ar\/sitio\/wp-content\/uploads\/2025\/07\/10-Ferrero-Martin-Evaluacion-de-resultados-en-PMGs-2011.pdf\" target=\"_blank\" rel=\"noreferrer noopener\">\u00bfC\u00f3mo podemos garantizar la evaluaci\u00f3n de resultados en las PMG? &#8211; 2011<\/a>  Mar\u00eda In\u00e9s Ferrero y M\u00f3nica Mart\u00edn<\/p>\n\n\n\n<p>Proyecto 11: <a href=\"https:\/\/cja-bue.infd.edu.ar\/sitio\/wp-content\/uploads\/2025\/07\/11-Ferrero-Martin-Comunicacion-no-verbal-2013.pdf\" data-type=\"URL\" data-id=\"https:\/\/cja-bue.infd.edu.ar\/sitio\/wp-content\/uploads\/2025\/07\/11-Ferrero-Martin-Comunicacion-no-verbal-2013.pdf\" target=\"_blank\" rel=\"noreferrer noopener\">Texto sobre el LNV de editorial Biblos &#8211; 2013<\/a>  Mar\u00eda In\u00e9s Ferrero y M\u00f3nica Mart\u00edn<\/p>\n\n\n\n<p>Proyecto 12: <a href=\"https:\/\/cja-bue.infd.edu.ar\/sitio\/wp-content\/uploads\/2025\/07\/12-Ferrero-Martin-Meclazcke-Evaluacion-de-las-PMG-e-individuales-2014.pdf\" data-type=\"URL\" data-id=\"https:\/\/cja-bue.infd.edu.ar\/sitio\/wp-content\/uploads\/2025\/07\/12-Ferrero-Martin-Meclazcke-Evaluacion-de-las-PMG-e-individuales-2014.pdf\" target=\"_blank\" rel=\"noreferrer noopener\">Evaluaci\u00f3n procesual de las PMG e individuales &#8211; 2014<\/a> Ferrero, Mart\u00edn y Meclazcke<\/p>\n\n\n\n<p>Proyecto 13: <a href=\"https:\/\/cja-bue.infd.edu.ar\/sitio\/wp-content\/uploads\/2025\/07\/13-Ferrero-Martin-La-rubrica-como-instrumento-de-evaluacion-en-las-PMG-2017.pdf\" data-type=\"URL\" data-id=\"https:\/\/cja-bue.infd.edu.ar\/sitio\/wp-content\/uploads\/2025\/07\/13-Ferrero-Martin-La-rubrica-como-instrumento-de-evaluacion-en-las-PMG-2017.pdf\" target=\"_blank\" rel=\"noreferrer noopener\">La r\u00fabrica como instrumento de evaluaci\u00f3n en las PMG &#8211; 2017<\/a> Ferrero y Mart\u00edn<\/p>\n\n\n\n<p>Proyecto 14: <a href=\"https:\/\/cja-bue.infd.edu.ar\/sitio\/wp-content\/uploads\/2025\/07\/14-Ferrero-Martin-Meclazke-Hacer-musica-en-grupo-2019.pdf\" data-type=\"URL\" data-id=\"https:\/\/cja-bue.infd.edu.ar\/sitio\/wp-content\/uploads\/2025\/07\/14-Ferrero-Martin-Meclazke-Hacer-musica-en-grupo-2019.pdf\" target=\"_blank\" rel=\"noreferrer noopener\">Texto sobre Hacer m\u00fasica en grupo de editorial Mi\u00f1o y D\u00e1vila &#8211; 2019<\/a>  Ferrero, Mart\u00edn y Meclazcke<\/p>\n\n\n\n<p>Proyecto 15: <a rel=\"noreferrer noopener\" href=\"https:\/\/cja-bue.infd.edu.ar\/sitio\/wp-content\/uploads\/2025\/07\/15-Ferrero-Martin-Un-Estudio-de-comportamientos-formales-vinculares-en-pandemia-2022.pdf\" data-type=\"URL\" data-id=\"https:\/\/cja-bue.infd.edu.ar\/sitio\/wp-content\/uploads\/2025\/07\/15-Ferrero-Martin-Un-Estudio-de-comportamientos-formales-vinculares-en-pandemia-2022.pdf\" target=\"_blank\">UN ESTUDIO DE COMPORTAMIENTOS FORMALES VINCULARES EN PANDEMIA &#8211; 2022<\/a>  Ferrero y Mart\u00edn<\/p>\n\n\n\n<p>Proyecto 16: <a href=\"https:\/\/cja-bue.infd.edu.ar\/sitio\/wp-content\/uploads\/2025\/07\/16-Ferrero-Martin-Respuestas-emocionales-ante-los-examenes-2023.pdf\" data-type=\"URL\" data-id=\"https:\/\/cja-bue.infd.edu.ar\/sitio\/wp-content\/uploads\/2025\/07\/16-Ferrero-Martin-Respuestas-emocionales-ante-los-examenes-2023.pdf\">RESPUESTAS EMOCIONALES ANTE LOS EXAMENES &#8211; 2023<\/a>  Ferrero y Mart\u00edn<\/p>\n\n\n\n<p>Proyecto 17: <a rel=\"noreferrer noopener\" href=\"https:\/\/cja-bue.infd.edu.ar\/sitio\/wp-content\/uploads\/2025\/07\/17-Ferrero-Martin-Manifestaciones-de-burnout-en-educadores-musicales-2024.pdf\" data-type=\"URL\" data-id=\"https:\/\/cja-bue.infd.edu.ar\/sitio\/wp-content\/uploads\/2025\/07\/17-Ferrero-Martin-Manifestaciones-de-burnout-en-educadores-musicales-2024.pdf\" target=\"_blank\">MANIFESTACIONES DE BURNOUT EN EDUCADORES MUSICALES &#8211; 2024<\/a>  Ferrero y Mart\u00edn<\/p>\n\n\n\n<p><\/p>\n\n\n\n<p><\/p>\n\n\n\n<p><\/p>\n\n\n\n<p><\/p>\n\n\n\n<p><\/p>\n","protected":false},"excerpt":{"rendered":"<p>Proyecto 01: LA EVALUACI\u00d3N DE LA EJECUCI\u00d3N MUSICAL GRUPAL EN EL NIVEL SUPERIOR &#8211; 2002 Mar\u00eda In\u00e9s Ferrero y Silvia Furn\u00f3 Proyecto 02: El lenguaje no verbal (LNV) utilizado por profesores de m\u00fasica del nivel superior y su incidencia en el clima \u00e1ulico &#8211; 2002 Mar\u00eda In\u00e9s Ferrero y M\u00f3nica Mart\u00edn Proyecto 03: El LNV &#8230; <a title=\"Investigaci\u00f3n\" class=\"read-more\" href=\"https:\/\/cja-bue.infd.edu.ar\/sitio\/investigacion\/\" aria-label=\"More on Investigaci\u00f3n\">[+]<\/a><\/p>\n","protected":false},"author":14,"featured_media":0,"parent":0,"menu_order":0,"comment_status":"closed","ping_status":"closed","template":"","meta":[],"acf":[],"_links":{"self":[{"href":"https:\/\/cja-bue.infd.edu.ar\/sitio\/wp-json\/wp\/v2\/pages\/725"}],"collection":[{"href":"https:\/\/cja-bue.infd.edu.ar\/sitio\/wp-json\/wp\/v2\/pages"}],"about":[{"href":"https:\/\/cja-bue.infd.edu.ar\/sitio\/wp-json\/wp\/v2\/types\/page"}],"author":[{"embeddable":true,"href":"https:\/\/cja-bue.infd.edu.ar\/sitio\/wp-json\/wp\/v2\/users\/14"}],"replies":[{"embeddable":true,"href":"https:\/\/cja-bue.infd.edu.ar\/sitio\/wp-json\/wp\/v2\/comments?post=725"}],"version-history":[{"count":14,"href":"https:\/\/cja-bue.infd.edu.ar\/sitio\/wp-json\/wp\/v2\/pages\/725\/revisions"}],"predecessor-version":[{"id":1405,"href":"https:\/\/cja-bue.infd.edu.ar\/sitio\/wp-json\/wp\/v2\/pages\/725\/revisions\/1405"}],"wp:attachment":[{"href":"https:\/\/cja-bue.infd.edu.ar\/sitio\/wp-json\/wp\/v2\/media?parent=725"}],"curies":[{"name":"wp","href":"https:\/\/api.w.org\/{rel}","templated":true}]}}