{"id":719,"date":"2018-08-29T19:06:22","date_gmt":"2018-08-29T22:06:22","guid":{"rendered":"https:\/\/cja-bue.infd.edu.ar\/sitio\/profesorado-en-letras\/"},"modified":"2020-11-03T14:37:49","modified_gmt":"2020-11-03T17:37:49","slug":"profesorado-en-letras","status":"publish","type":"page","link":"https:\/\/cja-bue.infd.edu.ar\/sitio\/profesorado-en-letras\/","title":{"rendered":"Profesorado en Educaci\u00f3n Musical"},"content":{"rendered":"<p align=\"left\"><span style=\"color: #cc6600; font-family: Arial; font-size: medium;\"><strong>Formaci\u00f3n Musical en los niveles de Ense\u00f1anza Obligatoria\u00a0<\/strong><\/span><\/p>\n<p align=\"left\"><span style=\"font-family: verdana,geneva; font-size: small;\">El Profesorado en Educaci\u00f3n Musical tiene como objetivo principal formar docentes\u00a0 competentes en el \u00e1rea\u00a0t\u00e9cnica, con s\u00f3lidos conocimientos pedag\u00f3gicos,\u00a0atentos a los cambios y transformaciones propios de nuestra\u00a0tarea cotidiana y comprometidos con la realidad sociocultural de nuestro pa\u00eds, con un perfil abierto a las necesidades de los otros en el mundo que nos toca transitar.<\/span><\/p>\n<p style=\"margin-right: 20px;\" align=\"justify\"><span style=\"font-family: verdana,geneva; font-size: small;\">Nos preocupa una formaci\u00f3n integral e integrada que se cristaliza a partir de dos ejes vertebradores:\u00a0<\/span><\/p>\n<ul>\n<li>\n<p style=\"margin-right: 20px;\" align=\"justify\"><span style=\"font-family: verdana,geneva; font-size: small;\">la formaci\u00f3n pedag\u00f3gica que involucra la preparaci\u00f3n en la actividad de la ense\u00f1anza a trav\u00e9s del abordaje de las diferentes metodolog\u00edas que conforman el quehacer \u00e1ulico;\u00a0<\/span><\/p>\n<\/li>\n<li>\n<p style=\"margin-right: 20px;\" align=\"justify\"><span style=\"font-family: verdana,geneva; font-size: small;\">la formaci\u00f3n en Educaci\u00f3n Musical a partir de la cual se\u00a0busca insertar al alumno en el mundo de la m\u00fasica como lenguaje en permanente contacto con otras disciplinas de las Ciencias Sociales y Humanas.<\/span><\/p>\n<\/li>\n<\/ul>\n<p style=\"margin-right: 20px;\" align=\"justify\"><span style=\"font-family: verdana,geneva; font-size: small;\">En nuestro escenario de acci\u00f3n cada uno de nuestros estudiantes son los protagonistas de este trabajo en equipo que llevamos a cabo junto con los\u00a0docentes, y en el cual tenemos como meta en com\u00fan la adquisici\u00f3n de las competencias necesarias para desarrollar con responsabilidad y eficiencia nuestra tarea.<\/span><\/p>\n<p style=\"margin-right: 20px;\" align=\"justify\"><span style=\"font-family: verdana, geneva; font-size: small;\">Por esta finalidad es que construimos espacios de participaci\u00f3n en los que desarrollamos Proyectos Interdisciplinarios\u00a0con otras \u00c1reas\u00a0y Carreras, Proyectos Comunitarios que permitan a nuestros estudiantes conocer y trabajar en\u00a0 instituciones con distintas realidades socioecon\u00f3micas brindando lo que saben hacer al servicio del que m\u00e1s lo necesita.<\/span><\/p>\n","protected":false},"excerpt":{"rendered":"<p>Formaci\u00f3n Musical en los niveles de Ense\u00f1anza Obligatoria\u00a0 El Profesorado en Educaci\u00f3n Musical tiene como objetivo principal formar docentes\u00a0 competentes en el \u00e1rea\u00a0t\u00e9cnica, con s\u00f3lidos conocimientos pedag\u00f3gicos,\u00a0atentos a los cambios y transformaciones propios de nuestra\u00a0tarea cotidiana y comprometidos con la realidad sociocultural de nuestro pa\u00eds, con un perfil abierto a las necesidades de los otros &#8230; <a title=\"Profesorado en Educaci\u00f3n Musical\" class=\"read-more\" href=\"https:\/\/cja-bue.infd.edu.ar\/sitio\/profesorado-en-letras\/\" aria-label=\"More on Profesorado en Educaci\u00f3n Musical\">[+]<\/a><\/p>\n","protected":false},"author":14,"featured_media":0,"parent":0,"menu_order":0,"comment_status":"closed","ping_status":"closed","template":"","meta":[],"acf":[],"_links":{"self":[{"href":"https:\/\/cja-bue.infd.edu.ar\/sitio\/wp-json\/wp\/v2\/pages\/719"}],"collection":[{"href":"https:\/\/cja-bue.infd.edu.ar\/sitio\/wp-json\/wp\/v2\/pages"}],"about":[{"href":"https:\/\/cja-bue.infd.edu.ar\/sitio\/wp-json\/wp\/v2\/types\/page"}],"author":[{"embeddable":true,"href":"https:\/\/cja-bue.infd.edu.ar\/sitio\/wp-json\/wp\/v2\/users\/14"}],"replies":[{"embeddable":true,"href":"https:\/\/cja-bue.infd.edu.ar\/sitio\/wp-json\/wp\/v2\/comments?post=719"}],"version-history":[{"count":3,"href":"https:\/\/cja-bue.infd.edu.ar\/sitio\/wp-json\/wp\/v2\/pages\/719\/revisions"}],"predecessor-version":[{"id":834,"href":"https:\/\/cja-bue.infd.edu.ar\/sitio\/wp-json\/wp\/v2\/pages\/719\/revisions\/834"}],"wp:attachment":[{"href":"https:\/\/cja-bue.infd.edu.ar\/sitio\/wp-json\/wp\/v2\/media?parent=719"}],"curies":[{"name":"wp","href":"https:\/\/api.w.org\/{rel}","templated":true}]}}