{"id":286,"date":"2016-10-31T13:17:59","date_gmt":"2016-10-31T16:17:59","guid":{"rendered":"https:\/\/cja-bue.infd.edu.ar\/sitio\/?page_id=286"},"modified":"2026-05-05T13:46:26","modified_gmt":"2026-05-05T16:46:26","slug":"inicio","status":"publish","type":"page","link":"https:\/\/cja-bue.infd.edu.ar\/sitio\/","title":{"rendered":"Inicio"},"content":{"rendered":"<p>05\/05\/2026<\/p>\n<h5>CONCURSOS DOCENTES: ver en Men\u00fa &#8211; Secci\u00f3n: <em>\u00abInformaci\u00f3n para Docentes\u00bb<\/em><\/h5>\n<hr \/>\n<p>&nbsp;<\/p>\n<h4>Boleto Estudiantil 2026 (s\u00f3lo para Ciclo Superior)<\/h4>\n<p>Las y los estudiantes de CICLO SUPERIOR que est\u00e9n interesados en comenzar el tr\u00e1mite del Boleto Estudiantil, deber\u00e1n completar el siguiente formulario. <em>Leer y completar todo correctamente.<\/em><\/p>\n<p>Formulario: <a href=\"https:\/\/forms.gle\/vNPFAvyuuG8TjnHVA\">aqu\u00ed<\/a>\u00a0<\/p>\n<p>Tener en cuenta, que esta carga no es autom\u00e1tica, y llevar\u00e1 unos d\u00edas elevar todas las solicitudes.<\/p>\n<hr \/>\n<p>&nbsp;<\/p>\n<p>11\/03\/2026<\/p>\n<p><em>En la secci\u00f3n \u00abinformaci\u00f3n para estudiantes\u00bb pueden ver la grilla de horarios de FOBA.<\/em><\/p>\n<p>&nbsp;<\/p>\n<p>05\/03\/2026<\/p>\n<p>Debido al servicio sanitario completo de antes del comienzo de clases, en el d\u00eda de la fecha a partir de las 12hs, no habr\u00e1 atenci\u00f3n al p\u00fablico, ni se recepcionar\u00e1 documentaci\u00f3n.\u00a0<\/p>\n<p>Informamos que las mesas de examen a realizarse el d\u00eda 5\/3\/2026, se reprogramaron para el pr\u00f3ximo JUEVES 12\/03\/2026, a la misma hora. As\u00ed mismo, las mesas del lunes 02\/3 se reprogramaron para el LUNES 9\/03, mismo horario.<\/p>\n<p>&nbsp;<\/p>\n<p style=\"text-align: center;\"><strong>TALLERES DE EXTENSI\u00d3N &#8211; <\/strong><strong>Abiertos a toda la comunidad<\/strong><\/p>\n<p style=\"text-align: center;\"><em><strong>leer con detenimiento la informaci\u00f3n. a partir de los 14 a\u00f1os.<\/strong><\/em><\/p>\n<p>\u00a0<img decoding=\"async\" loading=\"lazy\" class=\"wp-image-1522 aligncenter\" src=\"https:\/\/cja-bue.infd.edu.ar\/sitio\/wp-content\/uploads\/2026\/03\/Talleres-de-extension_2026-1-1000x1000.jpg\" alt=\"\" width=\"631\" height=\"631\" srcset=\"https:\/\/cja-bue.infd.edu.ar\/sitio\/wp-content\/uploads\/2026\/03\/Talleres-de-extension_2026-1-1000x1000.jpg 1000w, https:\/\/cja-bue.infd.edu.ar\/sitio\/wp-content\/uploads\/2026\/03\/Talleres-de-extension_2026-1-500x500.jpg 500w, https:\/\/cja-bue.infd.edu.ar\/sitio\/wp-content\/uploads\/2026\/03\/Talleres-de-extension_2026-1-768x768.jpg 768w, https:\/\/cja-bue.infd.edu.ar\/sitio\/wp-content\/uploads\/2026\/03\/Talleres-de-extension_2026-1.jpg 1080w\" sizes=\"(max-width: 631px) 100vw, 631px\" \/><\/p>\n<p>&nbsp;<\/p>\n<h4 style=\"text-align: center;\">PROYECTOS DE EXTENSI\u00d3N<\/h4>\n<h5 style=\"text-align: center;\">Abiertos a la Comunidad Juli\u00e1n Aguirre<\/h5>\n<p><img decoding=\"async\" loading=\"lazy\" class=\"wp-image-1521 aligncenter\" src=\"https:\/\/cja-bue.infd.edu.ar\/sitio\/wp-content\/uploads\/2026\/03\/Proyectos-de-extension-2026-1-1000x1000.jpg\" alt=\"\" width=\"630\" height=\"630\" srcset=\"https:\/\/cja-bue.infd.edu.ar\/sitio\/wp-content\/uploads\/2026\/03\/Proyectos-de-extension-2026-1-1000x1000.jpg 1000w, https:\/\/cja-bue.infd.edu.ar\/sitio\/wp-content\/uploads\/2026\/03\/Proyectos-de-extension-2026-1-500x500.jpg 500w, https:\/\/cja-bue.infd.edu.ar\/sitio\/wp-content\/uploads\/2026\/03\/Proyectos-de-extension-2026-1-768x768.jpg 768w, https:\/\/cja-bue.infd.edu.ar\/sitio\/wp-content\/uploads\/2026\/03\/Proyectos-de-extension-2026-1.jpg 1080w\" sizes=\"(max-width: 630px) 100vw, 630px\" \/><\/p>\n<h3><span style=\"color: #000080;\">NIVELACIONES FoBa 2026<\/span><\/h3>\n<p>Las nivelaciones son <strong>mesas especiales<\/strong> que se realizar\u00e1n en el mismo per\u00edodo de mesas de examen &#8211; marzo 2026.<\/p>\n<p>Para ver las <strong>fechas de las mesas<\/strong> de examen, ingresar a los siguientes enlaces seg\u00fan asignatura:<\/p>\n<p>NIVELACI\u00d3N <a href=\"https:\/\/docs.google.com\/spreadsheets\/d\/1YaV-6nPihlrX1gMEo_QY7hHWLwUTjFvSCgIXuXgdWOw\/edit?gid=0#gid=0\" target=\"_blank\" rel=\"noopener\">LENGUAJE<\/a><\/p>\n<p>NIVELACI\u00d3N <a href=\"https:\/\/docs.google.com\/spreadsheets\/d\/1Z1saN_FdNZv8GyXFMw1NsygV-rZ0HNjDQIAi8LxCjYc\/edit?gid=0#gid=0\" target=\"_blank\" rel=\"noopener\">INSTRUMENTO<\/a><\/p>\n<p>Podr\u00e1n nivelar las personas inscriptas en el Conservatorio y en caso de no estarlo, se evaluar\u00e1 el procedimiento a seguir notificando de la situaci\u00f3n a <a href=\"mailto:regenciafobaguirre@gmail.com\" target=\"_blank\" rel=\"noopener noreferrer\">jefaturafobadultos@gmail.com<\/a>\u00a0y dependiendo siempre de las vacantes en lenguaje e instrumento.\u00a0<\/p>\n<hr \/>\n<p>&nbsp;<\/p>\n<p>&nbsp;<\/p>\n<h3><span style=\"color: #ff0000;\"><b>CRONOGRAMA DE INICIO CICLO LECTIVO 2026<\/b><\/span><\/h3>\n<h4>Mesas de examen FoBa y Superior (<span style=\"font-weight: 400;\"><strong>Regulares, Previos y Libres)<\/strong><\/span><\/h4>\n<p><em>La inscripci\u00f3n fue realizada por formulario Google del 18\/02 al 22\/02.\u00a0<\/em><\/p>\n<p><strong>Cronograma<\/strong> <strong>de mesas de examen -marzo 2026- seg\u00fan inscriptos:<\/strong><\/p>\n<p>Cronograma <a href=\"https:\/\/docs.google.com\/spreadsheets\/d\/1RcCxWJtgIR_Hw3mjZ3LnWlHd-zqtXJneyYdbkXpDyCg\/edit?usp=drivesdk\" target=\"_blank\" rel=\"noopener\">FOBA<\/a><\/p>\n<p>Mesas <a href=\"https:\/\/docs.google.com\/spreadsheets\/d\/15IF34iqB5wT0N1kKbwNLhmR3NSZ57t07jvbhX9E2diA\/edit?usp=sharing\" target=\"_blank\" rel=\"noopener\">SUPERIOR<\/a>\u00a0<\/p>\n<p><b>02\/03<\/b><span style=\"font-weight: 400;\"><strong> al<\/strong> <strong>0<\/strong><\/span><b>7\/03: <\/b><em>realizaci\u00f3n de <span style=\"font-weight: 400;\">mesas de examen.\u00a0<\/span><\/em><\/p>\n<hr \/>\n<h5><span style=\"color: #333399;\"><strong>INGRESANTES<\/strong> a FOBA (2do llamado)<\/span><\/h5>\n<p><b>Preinscripci\u00f3n ingresantes<\/b> del 18\/02 al 27\/02 por el siguiente enlace: <a href=\"http:\/\/consaguirre.prox.com.ar\/inscripcion\">http:\/\/consaguirre.prox.com.ar\/inscripcion<\/a><\/p>\n<p>Entrega de documentaci\u00f3n y confirmaci\u00f3n de inscripci\u00f3n: del 02 al 07\/03 <em>(s\u00f3lo para los niveles\/talleres e instrumentos donde haya vacantes). Ver documentaci\u00f3n requerida para Ingresantes <a href=\"https:\/\/cja-bue.infd.edu.ar\/sitio\/ingresantes-2026\/\" target=\"_blank\" rel=\"noopener\">AQUI<\/a><\/em><\/p>\n<h5>\u00a0<\/h5>\n<h4><span style=\"color: #333399;\"><b>FOBA: Reinscripci\u00f3n y matriculaci\u00f3n de Nivel 2 y 3, Medio 2 y 3.<\/b><\/span><\/h4>\n<p><span style=\"font-weight: 400;\"><strong>06\/03 al 13\/03:<\/strong> Matriculaci\u00f3n de estudiantes que contin\u00faan la carrera <em>(no ingresantes 2026) <\/em>por sistema <\/span><a href=\"http:\/\/consaguirre.prox.com.ar\/\" target=\"_blank\" rel=\"noopener\"><span style=\"font-weight: 400;\">consaguirre.prox.com.ar<\/span> <\/a>. Misma fecha para entrega de documentaci\u00f3n <em>(planilla de inscripci\u00f3n, autorizaci\u00f3n del uso de la imagen, autorizaci\u00f3n de retiro de menores, autorizaci\u00f3n general de salidas educativas, constancia de alumno regular, actualizaci\u00f3n de DNI) Descargar <a href=\"https:\/\/cja-bue.infd.edu.ar\/sitio\/documentacion-ingresantes\/\" target=\"_blank\" rel=\"noopener\">AQUI<\/a><\/em><\/p>\n<p>&nbsp;<\/p>\n<h6>Informaci\u00f3n para retomantes\/recursantes <em>(ver debajo)<\/em><\/h6>\n<hr \/>\n<h4><span style=\"color: #ff0000;\"><b>CICLO SUPERIOR:<\/b><\/span><\/h4>\n<h5><strong>INGRESANTES A CICLO SUPERIOR<\/strong><\/h5>\n<p><b>02\/03<\/b><span style=\"font-weight: 400;\"><strong> al<\/strong> <strong>0<\/strong><\/span><b>5\/03:<\/b><span style=\"font-weight: 400;\"> Inscripci\u00f3n Ingreso a Ciclo Superior de forma presencial (<\/span><i><span style=\"font-weight: 400;\">en cualquiera de los tres turnos: ma\u00f1ana (8 a 11:30hs), tarde (13 a 16:30hs), vespertino (18 a 21:00 hs) <\/span><\/i><strong>Se deber\u00e1 presentar la documentaci\u00f3n requerida que se detalla abajo, en formato papel, completa y legible.<\/strong><\/p>\n<p><strong>Documentaci\u00f3n a presentar:\u00a0<\/strong><\/p>\n<ul>\n<li>Planilla de inscripci\u00f3n<\/li>\n<li>T\u00edtulo secundario<\/li>\n<li>Autorizaci\u00f3n del uso de la imagen<\/li>\n<li>Fotocopia de DNI<\/li>\n<li>Fotocopia de partida de nacimiento<\/li>\n<li>FOLIO TAMA\u00d1O OFICIO<\/li>\n<\/ul>\n<p>Quienes se inscriben a Tecnicaturas y son menores de 18 a\u00f1os, deber\u00e1n sumar la siguiente documentaci\u00f3n:<\/p>\n<ul>\n<li>Constancia de alumno regular de secundaria\u00a0<\/li>\n<li>Autorizaci\u00f3n de retiro<\/li>\n<\/ul>\n<p><em>Archivos para descargar<\/em> <a href=\"https:\/\/cja-bue.infd.edu.ar\/sitio\/documentacion-ingresantes\/\">AQUI<\/a><\/p>\n<h5 style=\"text-align: center;\"><span style=\"font-weight: 400;\"><strong>Reuni\u00f3n informativa para ingresantes a Ciclo Superior (profesorados) de todas las carreras. <em>La asistencia a la misma es de car\u00e1cter obligatorio para poder efectivizar dicha inscripci\u00f3n.<\/em><\/strong><\/span><\/h5>\n<h5 style=\"text-align: center;\"><strong><span style=\"color: #000000;\">D\u00eda viernes 06\/03 a las 18:00 hs<\/span><\/strong><\/h5>\n<h5>\u00a0<\/h5>\n<h5><span style=\"color: #ff0000;\"><strong>Matriculaci\u00f3n a Unidades Curriculares de Ciclo Superior:\u00a0<\/strong><\/span><\/h5>\n<p><span style=\"font-weight: 400;\">Se realizar\u00e1 por sistema de alumnos (<a href=\"http:\/\/consaguirre.prox.com.ar\/\">consaguirre.prox.com.ar<\/a>) y <strong>por niveles respetando las siguientes fechas:<\/strong><\/span><\/p>\n<p style=\"text-align: center;\"><b>09\/03<\/b><span style=\"font-weight: 400;\">\u00a0 4to a\u00f1o<\/span><\/p>\n<p style=\"text-align: center;\"><b>10\/03<\/b><span style=\"font-weight: 400;\">\u00a0 3er a\u00f1o<\/span><\/p>\n<p style=\"text-align: center;\"><b>11\/03<\/b><span style=\"font-weight: 400;\">\u00a0 2do a\u00f1o<\/span><\/p>\n<p style=\"text-align: center;\"><b>12\/03<\/b><span style=\"font-weight: 400;\">\u00a0 1er a\u00f1o<\/span><\/p>\n<p><em><span style=\"font-weight: 400;\">Ante cualquier inconveniente, dirigirse en forma presencial a Preceptor\u00eda de Superior, respetando los horarios de atenci\u00f3n.<\/span><\/em><\/p>\n<h5><strong>Las y los estudiantes que ya transitan la trayectoria de formaci\u00f3n en ciclo superior, deben actualizar la misma documentaci\u00f3n requerida para ingresantes.<\/strong><\/h5>\n<p><span style=\"font-weight: 400;\">Las constancias de alumno regular se podr\u00e1n solicitar a partir del inicio de clases.<\/span><\/p>\n<hr \/>\n<h3 style=\"text-align: center;\"><span style=\"color: #ff0000;\"><strong>INICIO DE CLASES &#8211; 2026 (FOBA Y CICLO SUPERIOR)<\/strong><\/span><\/h3>\n<h3 style=\"text-align: center;\"><span style=\"color: #ff0000;\"><strong>16 DE MARZO<\/strong><\/span><\/h3>\n<hr \/>\n<p>&nbsp;<\/p>\n<h3 class=\"botonera\"><span id=\"titulo_231\">HORARIOS DE ESTUDIO<\/span><\/h3>\n<p>Estimados estudiantes:<\/p>\n<p>la entrada para estudio y pr\u00e1cticas de alumnos en aulas se retomar\u00e1n a partir del mi\u00e9rcoles 18 de febrero de 2026, de lunes a viernes en cualquiera de los tres turnos hasta las 21.00 hs.<\/p>\n<p>Atte<\/p>\n<p>Equipo Directivo<\/p>\n<hr \/>\n<p>&nbsp;<\/p>\n<h3>MESAS DE EXAMEN\u00a0 &#8211; DICIEMBRE 2025<\/h3>\n<p>Inscripci\u00f3n de LIBRES Y PREVIOS. Los estudiantes REGULARES NO necesitan inscribirse en diciembre 2025 (en marzo 2026 se har\u00e1 mediante formulario google)<\/p>\n<h4>Fecha de inscripci\u00f3n a ex\u00e1menes de FOBA y SUPERIOR: del 17\/11 al 25\/11<\/h4>\n<p><em>Enlace de inscripci\u00f3n a ex\u00e1menes de: <strong>FOBA<\/strong><\/em><\/p>\n<p><em>Enlace de inscripci\u00f3n a ex\u00e1menes de: <strong>SUPERIOR<\/strong> (profesorados y tecnicaturas)<\/em><\/p>\n<h4>Realizaci\u00f3n de mesas: 01\/12 al 17\/12\/2025<\/h4>\n<p><em>Recordar revisar el cronograma de mesas peri\u00f3dicamente, por cualquier modificaci\u00f3n que surja.\u00a0<\/em><\/p>\n<p>Ver cronograma:\u00a0 <a href=\"https:\/\/docs.google.com\/spreadsheets\/d\/15VGchVO9FMk6pGL7Rqswk_CUbdpiIOtgE8KleYfVWZY\/edit?usp=sharing\">FOBA\u00a0<\/a><\/p>\n<p>Ver cronograma:\u00a0 <a href=\"https:\/\/docs.google.com\/spreadsheets\/d\/13pqZ7u9q-hk-d8byLWU_avxRftxbC03d\/edit?usp=sharing&amp;ouid=103074727845576833065&amp;rtpof=true&amp;sd=true\">CICLO SUPERIOR<\/a><\/p>\n<hr \/>\n<p>&nbsp;<\/p>\n<h2><span style=\"color: #ff0000;\">REMATRICULACI\u00d3N Y REVINCULACI\u00d3N 2025-2026<\/span><\/h2>\n<h5><span style=\"color: #333399;\">Rematriculaci\u00f3n para Taller <\/span><span style=\"color: #ff0000;\"><span style=\"color: #333399;\">de iniciaci\u00f3n<\/span><\/span><span style=\"color: #333399;\"> 2 y Taller 3:<\/span><\/h5>\n<p>del 25\/11 al 28\/11 con entrega de documentaci\u00f3n.<\/p>\n<h5><span style=\"color: #333399;\">Rematriculaci\u00f3n para Ciclo Medio 1:<\/span><\/h5>\n<p>del 25\/11 al 28\/11 con entrega de documentaci\u00f3n.<\/p>\n<h5><span style=\"color: #333399;\"><span style=\"color: #ff0000;\">Revinculaci\u00f3n<\/span> (retomantes y recursantes)<\/span> de FOBA j\u00f3venes y adultos, ciclo Medio y Ni\u00f1os &#8211; quienes hayan dejado de cursar y\/o deban recursar:\u00a0<\/h5>\n<p>del 01\/12 al 14\/12 estar\u00e1 habilitado el enlace de inscripci\u00f3n:<\/p>\n<p><a href=\"https:\/\/docs.google.com\/forms\/d\/1F76j09VV2bIMtNKGho4CXCbONWCmIeXIcm3EyvPWtVY\/edit#settings\">Click aqu\u00ed INSCRIPCION RETOMANTES\/RECURSANTES<\/a><\/p>\n<p>A partir del 15\/12 entrega de documentaci\u00f3n hasta el s\u00e1bado 7 de marzo inclusive.<\/p>\n<p>Documentaci\u00f3n requerida para rematriculados y revinculados: <a href=\"https:\/\/cja-bue.infd.edu.ar\/sitio\/documentacion-ingresantes\/\" target=\"_blank\" rel=\"noopener\"><em>(descargar aqu\u00ed)<\/em><\/a><\/p>\n<ul>\n<li>Planilla de Inscripci\u00f3n.<\/li>\n<li>Autorizaci\u00f3n de retiro de menores <em>(s\u00f3lo menores de 18 a\u00f1os)<\/em>.<\/li>\n<li>Planilla general de salidas educativas <em>(ver cual corresponde seg\u00fan edad del estudiante).<\/em><\/li>\n<li>Autorizaci\u00f3n del uso de la imagen.<\/li>\n<li>Constancia de alumno regular <em>(s\u00f3lo menores de 18 a\u00f1os).<\/em><\/li>\n<\/ul>\n<hr \/>\n<p>&nbsp;<\/p>\n<div id=\"metaslider-id-403\" style=\"width: 100%;\" class=\"ml-slider-3-33-0 metaslider metaslider-flex metaslider-403 ml-slider ms-theme-default\" role=\"region\" aria-roledescription=\"Slideshow\" aria-label=\"Slideshow\">\n    <div id=\"metaslider_container_403\">\n        <div id=\"metaslider_403\" class=\"flexslider\">\n            <ul aria-live=\"polite\" class=\"slides\">\n                <li style=\"display: block; width: 100%;\" class=\"slide-607 ms-image\" aria-roledescription=\"slide\" aria-label=\"slide-607\"><a href=\"https:\/\/mapa.infd.edu.ar\/\" target=\"_blank\"><img src=\"https:\/\/cja-bue.infd.edu.ar\/sitio\/wp-content\/uploads\/2018\/06\/mapa_infd6-1100x200.png\" height=\"200\" width=\"1100\" alt=\"\" class=\"slider-403 slide-607\" title=\"mapa_infd6\" \/><\/a><\/li>\n                <li style=\"display: none; width: 100%;\" class=\"slide-609 ms-image\" aria-roledescription=\"slide\" aria-label=\"slide-609\"><a href=\"https:\/\/www.argentina.gob.ar\/educacion\/becas\" target=\"_blank\"><img src=\"https:\/\/cja-bue.infd.edu.ar\/sitio\/wp-content\/uploads\/2018\/06\/becas7-1100x200.png\" height=\"200\" width=\"1100\" alt=\"\" class=\"slider-403 slide-609\" title=\"becas7\" \/><\/a><\/li>\n                <li style=\"display: none; width: 100%;\" class=\"slide-635 ms-image\" aria-roledescription=\"slide\" aria-label=\"slide-635\"><a href=\"https:\/\/www.argentina.gob.ar\/tema\/estudiar\/formacion-docencia\" target=\"_blank\"><img src=\"https:\/\/cja-bue.infd.edu.ar\/sitio\/wp-content\/uploads\/2018\/06\/convocatorias_slide6-1-1100x200.png\" height=\"200\" width=\"1100\" alt=\"\" class=\"slider-403 slide-635\" title=\"convocatorias_slide6-1\" \/><\/a><\/li>\n            <\/ul>\n        <\/div>\n        \n    <\/div>\n<\/div>\n<p>&nbsp;<\/p>\n<table id=\"table1\" style=\"border-top-width: 0px; border-left-width: 0px; border-right-width: 0px;\" border=\"1\" width=\"500\" cellspacing=\"0\" cellpadding=\"10\"><\/table>\n<table id=\"table1\" border=\"1\" width=\"500\" cellspacing=\"0\" cellpadding=\"10\" align=\"center\">\n<tbody>\n<tr>\n<td style=\"border: 1px solid;\">\n<p><span style=\"font-size: 10pt; color: black; font-family: Verdana;\">E<\/span><span style=\"font-size: 10pt; color: black; font-family: Verdana;\">ste Instituto Superior de Formaci\u00f3n Docente forma parte del sistema de educaci\u00f3n p\u00fablica de gesti\u00f3n estatal.<\/span><\/p>\n<p><span style=\"font-size: 10pt; color: black; font-family: Verdana;\">A trav\u00e9s de este sitio en Internet, nuestro Instituto podr\u00e1 comunicar novedades, acercar informaci\u00f3n, compartir experiencias y brindar apoyo y asesoramiento a\u00a0alumnos, docentes e interesados en formar parte de esta comunidad educativa.<\/span><\/p>\n<p><span style=\"font-size: 14pt; color: black; font-family: Verdana;\"><img decoding=\"async\" src=\"https:\/\/cja-bue.infd.edu.ar\/sitio\/wp-content\/uploads\/2018\/08\/la_red.jpg\" alt=\"Red virtual\" align=\"left\" border=\"0\" hspace=\"10\" \/><\/span><span style=\"font-size: 10pt; color: black; font-family: Verdana;\">Junto con varios cientos de Institutos, integramos la <strong><em><span style=\"font-family: Verdana;\">Red\u00a0Virtual de Institutos Superiores de Formaci\u00f3n Docente<\/span><\/em><\/strong>\u00a0coordinada por el <strong><span style=\"font-family: Verdana;\">INFD<\/span><\/strong> (Instituto Nacional de Formaci\u00f3n Docente) dependiente del Ministerio de Educaci\u00f3n de la Naci\u00f3n Argentina.<\/span><\/td>\n<\/tr>\n<\/tbody>\n<\/table>\n","protected":false},"excerpt":{"rendered":"<p>05\/05\/2026 CONCURSOS DOCENTES: ver en Men\u00fa &#8211; Secci\u00f3n: \u00abInformaci\u00f3n para Docentes\u00bb &nbsp; Boleto Estudiantil 2026 (s\u00f3lo para Ciclo Superior) Las y los estudiantes de CICLO SUPERIOR que est\u00e9n interesados en comenzar el tr\u00e1mite del Boleto Estudiantil, deber\u00e1n completar el siguiente formulario. Leer y completar todo correctamente. Formulario: aqu\u00ed\u00a0 Tener en cuenta, que esta carga no &#8230; <a title=\"Inicio\" class=\"read-more\" href=\"https:\/\/cja-bue.infd.edu.ar\/sitio\/\" aria-label=\"More on Inicio\">[+]<\/a><\/p>\n","protected":false},"author":1,"featured_media":795,"parent":0,"menu_order":0,"comment_status":"closed","ping_status":"closed","template":"","meta":[],"acf":[],"_links":{"self":[{"href":"https:\/\/cja-bue.infd.edu.ar\/sitio\/wp-json\/wp\/v2\/pages\/286"}],"collection":[{"href":"https:\/\/cja-bue.infd.edu.ar\/sitio\/wp-json\/wp\/v2\/pages"}],"about":[{"href":"https:\/\/cja-bue.infd.edu.ar\/sitio\/wp-json\/wp\/v2\/types\/page"}],"author":[{"embeddable":true,"href":"https:\/\/cja-bue.infd.edu.ar\/sitio\/wp-json\/wp\/v2\/users\/1"}],"replies":[{"embeddable":true,"href":"https:\/\/cja-bue.infd.edu.ar\/sitio\/wp-json\/wp\/v2\/comments?post=286"}],"version-history":[{"count":407,"href":"https:\/\/cja-bue.infd.edu.ar\/sitio\/wp-json\/wp\/v2\/pages\/286\/revisions"}],"predecessor-version":[{"id":1610,"href":"https:\/\/cja-bue.infd.edu.ar\/sitio\/wp-json\/wp\/v2\/pages\/286\/revisions\/1610"}],"wp:featuredmedia":[{"embeddable":true,"href":"https:\/\/cja-bue.infd.edu.ar\/sitio\/wp-json\/wp\/v2\/media\/795"}],"wp:attachment":[{"href":"https:\/\/cja-bue.infd.edu.ar\/sitio\/wp-json\/wp\/v2\/media?parent=286"}],"curies":[{"name":"wp","href":"https:\/\/api.w.org\/{rel}","templated":true}]}}