{"id":1566,"date":"2026-04-29T15:54:57","date_gmt":"2026-04-29T18:54:57","guid":{"rendered":"https:\/\/cja-bue.infd.edu.ar\/sitio\/?page_id=1566"},"modified":"2026-05-06T16:13:45","modified_gmt":"2026-05-06T19:13:45","slug":"informacion-para-docentes","status":"publish","type":"page","link":"https:\/\/cja-bue.infd.edu.ar\/sitio\/informacion-para-docentes\/","title":{"rendered":"Informaci\u00f3n para Docentes"},"content":{"rendered":"\n<p>Los concursos se publicar\u00e1n en la Secretar\u00eda de Asuntos docentes de Lomas de Zamora. Web https:\/\/sadlomasdezamora.blogspot.com\/ Abrir enlace: <a href=\"https:\/\/sadlomasdezamora.blogspot.com\/\" data-type=\"URL\" data-id=\"https:\/\/sadlomasdezamora.blogspot.com\/\" target=\"_blank\" rel=\"noreferrer noopener\">SAD Lomas de Zamora<\/a><\/p>\n\n\n\n<p>El procedimiento para la cobertura de pruebas de selecci\u00f3n de docentes para nuestra instituci\u00f3n, se enmarca en la Resoluci\u00f3n 6179\/25 de la Direcci\u00f3n General de Cultura y Educaci\u00f3n de la Provincia de Buenos Aires. All\u00ed encontrar\u00e1n todo el material necesario para la inscripci\u00f3n y la presentaci\u00f3n de Concursos.<\/p>\n\n\n\n<p class=\"has-background\" style=\"background:linear-gradient(211deg,rgb(140,236,198) 0%,rgb(185,242,221) 100%)\">Documentaci\u00f3n importante para concursar:<\/p>\n\n\n\n<ul>\n<li><a rel=\"noreferrer noopener\" href=\"https:\/\/cja-bue.infd.edu.ar\/sitio\/wp-content\/uploads\/2026\/04\/RESOC-2025-6179-GDEBA-DGCYE.pdf\" data-type=\"URL\" data-id=\"https:\/\/cja-bue.infd.edu.ar\/sitio\/wp-content\/uploads\/2026\/04\/RESOC-2025-6179-GDEBA-DGCYE.pdf\" target=\"_blank\">RESOLUCI\u00d3N 6179\/25<\/a><\/li>\n\n\n\n<li><a rel=\"noreferrer noopener\" href=\"https:\/\/cja-bue.infd.edu.ar\/sitio\/wp-content\/uploads\/2026\/04\/RAM-Superior-4196-24-y-anexos.pdf\" data-type=\"URL\" data-id=\"https:\/\/cja-bue.infd.edu.ar\/sitio\/wp-content\/uploads\/2026\/04\/RAM-Superior-4196-24-y-anexos.pdf\" target=\"_blank\">R\u00e9gimen Acad\u00e9mico Marco &#8211; Superior 4196\/24<\/a><\/li>\n\n\n\n<li><a rel=\"noreferrer noopener\" href=\"https:\/\/cja-bue.infd.edu.ar\/sitio\/wp-content\/uploads\/2026\/05\/PLAN-INST.-DE-EVALUACION.pdf\" target=\"_blank\">Plan Institucional de Evaluaci\u00f3n 2025\/26<\/a><\/li>\n\n\n\n<li><a rel=\"noreferrer noopener\" href=\"https:\/\/cja-bue.infd.edu.ar\/sitio\/wp-content\/uploads\/2026\/04\/ACUERDOS-DE-CONVIVENCIA-2026.docx.pdf\" data-type=\"URL\" data-id=\"https:\/\/cja-bue.infd.edu.ar\/sitio\/wp-content\/uploads\/2026\/04\/ACUERDOS-DE-CONVIVENCIA-2026.docx.pdf\" target=\"_blank\">Acuerdos de Convivencia<\/a><\/li>\n\n\n\n<li>Formularios del Anexo 9: <a rel=\"noreferrer noopener\" href=\"https:\/\/cja-bue.infd.edu.ar\/sitio\/wp-content\/uploads\/2026\/04\/Anexo-9-Formulario-1-Planilla-de-Inscripcion-Declaracion-Jurada.docx\" target=\"_blank\">Formulario 1<\/a> &#8211; <a rel=\"noreferrer noopener\" href=\"https:\/\/cja-bue.infd.edu.ar\/sitio\/wp-content\/uploads\/2026\/04\/Anexo-9-Formulario-2-2.1-Formacion-Academica-pertinente-para-los-modulos-_-horas-catedras-_-cargo-a-los-que-aspira.docx\" target=\"_blank\">Formulario 2.1<\/a> &#8211; <a rel=\"noreferrer noopener\" href=\"https:\/\/cja-bue.infd.edu.ar\/sitio\/wp-content\/uploads\/2026\/04\/Anexo-9-Formulario-2-2.2-Desempeno-en-el-Nivel-Superior.docx\" data-type=\"URL\" data-id=\"https:\/\/cja-bue.infd.edu.ar\/sitio\/wp-content\/uploads\/2026\/04\/Anexo-9-Formulario-2-2.2-Desempeno-en-el-Nivel-Superior.docx\" target=\"_blank\">Formulario 2.2<\/a> &#8211; <a rel=\"noreferrer noopener\" href=\"https:\/\/cja-bue.infd.edu.ar\/sitio\/wp-content\/uploads\/2026\/04\/Anexo-9-Formulario-2-2.3-Desempeno-en-otros-Niveles-y_o-modalidades_.docx\" data-type=\"URL\" data-id=\"https:\/\/cja-bue.infd.edu.ar\/sitio\/wp-content\/uploads\/2026\/04\/Anexo-9-Formulario-2-2.3-Desempeno-en-otros-Niveles-y_o-modalidades_.docx\" target=\"_blank\">Formulario 2.3<\/a> &#8211; <a rel=\"noreferrer noopener\" href=\"https:\/\/cja-bue.infd.edu.ar\/sitio\/wp-content\/uploads\/2026\/04\/Anexo-9-Formulario-2-2.4-Antecedentes-que-considera-pertinentes-para-los-modulos_horas-catedras_cargo-para-el-que-se-inscribe.docx\" data-type=\"URL\" data-id=\"https:\/\/cja-bue.infd.edu.ar\/sitio\/wp-content\/uploads\/2026\/04\/Anexo-9-Formulario-2-2.4-Antecedentes-que-considera-pertinentes-para-los-modulos_horas-catedras_cargo-para-el-que-se-inscribe.docx\" target=\"_blank\">Formulario 2.4<\/a><\/li>\n<\/ul>\n\n\n\n<hr class=\"wp-block-separator has-alpha-channel-opacity\"\/>\n\n\n\n<p><em>Mayo 2026<\/em><\/p>\n\n\n\n<p><strong>Programas de asignaturas a cubrir<\/strong>:  <\/p>\n\n\n\n<p><a rel=\"noreferrer noopener\" href=\"https:\/\/cja-bue.infd.edu.ar\/sitio\/wp-content\/uploads\/2026\/05\/Didactica-Musical-1-ED.Musical.pdf\" data-type=\"URL\" data-id=\"https:\/\/cja-bue.infd.edu.ar\/sitio\/wp-content\/uploads\/2026\/05\/Didactica-Musical-1-ED.Musical.pdf\" target=\"_blank\">Did\u00e1ctica Musical 1 &#8211; Prof. Educaci\u00f3n Musical.pdf<\/a><\/p>\n\n\n\n<p><a rel=\"noreferrer noopener\" href=\"https:\/\/cja-bue.infd.edu.ar\/sitio\/wp-content\/uploads\/2026\/05\/TECNICAS-DE-IMPROVISACION.pdf\" data-type=\"URL\" data-id=\"https:\/\/cja-bue.infd.edu.ar\/sitio\/wp-content\/uploads\/2026\/05\/TECNICAS-DE-IMPROVISACION.pdf\" target=\"_blank\">T\u00e9cnicas de improvisaci\u00f3n &#8211; Prof. Instrumento.pdf<\/a><\/p>\n\n\n\n<p><a rel=\"noreferrer noopener\" href=\"https:\/\/cja-bue.infd.edu.ar\/sitio\/wp-content\/uploads\/2026\/05\/FUNDAMENTOS-DE-LA-EDUCACION.pdf\" data-type=\"URL\" data-id=\"https:\/\/cja-bue.infd.edu.ar\/sitio\/wp-content\/uploads\/2026\/05\/FUNDAMENTOS-DE-LA-EDUCACION.pdf\" target=\"_blank\">Fundamentos de la Educaci\u00f3n.pdf<\/a><\/p>\n\n\n\n<p><a rel=\"noreferrer noopener\" href=\"https:\/\/cja-bue.infd.edu.ar\/sitio\/wp-content\/uploads\/2026\/05\/Psicologia-y-Cultura-en-la-educacion.pdf\" data-type=\"URL\" data-id=\"https:\/\/cja-bue.infd.edu.ar\/sitio\/wp-content\/uploads\/2026\/05\/Psicologia-y-Cultura-en-la-educacion.pdf\" target=\"_blank\">Psicolog\u00eda y Cultura en la educaci\u00f3n.pdf<\/a><\/p>\n\n\n\n<p><a rel=\"noreferrer noopener\" href=\"https:\/\/cja-bue.infd.edu.ar\/sitio\/wp-content\/uploads\/2026\/05\/PRACTICA-ESCENICA-1-Y-2.pdf\" target=\"_blank\">Pr\u00e1ctica Esc\u00e9nica I y II.pdf<\/a><\/p>\n","protected":false},"excerpt":{"rendered":"<p>Los concursos se publicar\u00e1n en la Secretar\u00eda de Asuntos docentes de Lomas de Zamora. Web https:\/\/sadlomasdezamora.blogspot.com\/ Abrir enlace: SAD Lomas de Zamora El procedimiento para la cobertura de pruebas de selecci\u00f3n de docentes para nuestra instituci\u00f3n, se enmarca en la Resoluci\u00f3n 6179\/25 de la Direcci\u00f3n General de Cultura y Educaci\u00f3n de la Provincia de Buenos &#8230; <a title=\"Informaci\u00f3n para Docentes\" class=\"read-more\" href=\"https:\/\/cja-bue.infd.edu.ar\/sitio\/informacion-para-docentes\/\" aria-label=\"More on Informaci\u00f3n para Docentes\">[+]<\/a><\/p>\n","protected":false},"author":48,"featured_media":0,"parent":0,"menu_order":0,"comment_status":"closed","ping_status":"closed","template":"","meta":[],"acf":[],"_links":{"self":[{"href":"https:\/\/cja-bue.infd.edu.ar\/sitio\/wp-json\/wp\/v2\/pages\/1566"}],"collection":[{"href":"https:\/\/cja-bue.infd.edu.ar\/sitio\/wp-json\/wp\/v2\/pages"}],"about":[{"href":"https:\/\/cja-bue.infd.edu.ar\/sitio\/wp-json\/wp\/v2\/types\/page"}],"author":[{"embeddable":true,"href":"https:\/\/cja-bue.infd.edu.ar\/sitio\/wp-json\/wp\/v2\/users\/48"}],"replies":[{"embeddable":true,"href":"https:\/\/cja-bue.infd.edu.ar\/sitio\/wp-json\/wp\/v2\/comments?post=1566"}],"version-history":[{"count":14,"href":"https:\/\/cja-bue.infd.edu.ar\/sitio\/wp-json\/wp\/v2\/pages\/1566\/revisions"}],"predecessor-version":[{"id":1617,"href":"https:\/\/cja-bue.infd.edu.ar\/sitio\/wp-json\/wp\/v2\/pages\/1566\/revisions\/1617"}],"wp:attachment":[{"href":"https:\/\/cja-bue.infd.edu.ar\/sitio\/wp-json\/wp\/v2\/media?parent=1566"}],"curies":[{"name":"wp","href":"https:\/\/api.w.org\/{rel}","templated":true}]}}