{"id":1329,"date":"2025-10-21T13:44:59","date_gmt":"2025-10-21T16:44:59","guid":{"rendered":"https:\/\/cja-bue.infd.edu.ar\/sitio\/?page_id=1329"},"modified":"2026-03-05T18:25:23","modified_gmt":"2026-03-05T21:25:23","slug":"ingresantes-2026","status":"publish","type":"page","link":"https:\/\/cja-bue.infd.edu.ar\/sitio\/ingresantes-2026\/","title":{"rendered":"INGRESANTES 2026"},"content":{"rendered":"\n<p><\/p>\n\n\n\n<h5 class=\"wp-block-heading has-text-align-center\"><strong>INICIO DE CLASES <\/strong><\/h5>\n\n\n\n<div class=\"wp-block-buttons is-content-justification-center is-layout-flex wp-container-1\">\n<div class=\"wp-block-button\"><a class=\"wp-block-button__link wp-element-button\">LUNES 16 DE MARZ0<\/a><\/div>\n<\/div>\n\n\n\n<hr class=\"wp-block-separator has-alpha-channel-opacity\"\/>\n\n\n\n<p><em>Febrero 2026<\/em><\/p>\n\n\n\n<h5 class=\"wp-block-heading\"><strong>INGRESANTES<\/strong>&nbsp;a FOBA (2do llamado)<\/h5>\n\n\n\n<p><strong>Preinscripci\u00f3n ingresantes<\/strong>&nbsp;del 18\/02 al 27\/02 por el siguiente enlace:&nbsp;<a href=\"http:\/\/consaguirre.prox.com.ar\/inscripcion\">http:\/\/consaguirre.prox.com.ar\/inscripcion<\/a><\/p>\n\n\n\n<p>Entrega de documentaci\u00f3n y confirmaci\u00f3n de inscripci\u00f3n: del 02 al 07\/03&nbsp;<em>(s\u00f3lo para los niveles\/talleres e instrumentos donde haya vacantes). Ver documentaci\u00f3n requerida para Ingresantes&nbsp;<a rel=\"noreferrer noopener\" href=\"https:\/\/cja-bue.infd.edu.ar\/sitio\/ingresantes-2026\/\" target=\"_blank\">AQUI<\/a><\/em><\/p>\n\n\n\n<hr class=\"wp-block-separator has-alpha-channel-opacity\"\/>\n\n\n\n<p><em>Octubre 2025<\/em><\/p>\n\n\n\n<h5 class=\"wp-block-heading has-text-align-center\">IMPORTANTE: la inscripci\u00f3n se completa luego de realizar los 3 pasos siguientes. <\/h5>\n\n\n\n<h2 class=\"wp-block-heading has-text-align-center has-light-green-cyan-to-vivid-green-cyan-gradient-background has-background has-medium-font-size\">CRONOGRAMA DE INSCRIPC\u00d3N 2025-2026<\/h2>\n\n\n\n<h3 class=\"wp-block-heading\">PASO <strong>1.- Pre-inscripci\u00f3n online habilitada del 03\/11 al 28\/11\/25&nbsp;<\/strong><\/h3>\n\n\n\n<h5 class=\"wp-block-heading\"><em>El enlace ser\u00e1 habilitado s\u00f3lo en la fecha de pre-inscripci\u00f3n<\/em><\/h5>\n\n\n\n<p><\/p>\n\n\n\n<h4 class=\"wp-block-heading\"><strong>Ver informaci\u00f3n detallada, seg\u00fan la FOBA elegida, al abrir el enlace correspondiente:<\/strong> <\/h4>\n\n\n\n<figure class=\"wp-block-table aligncenter is-style-regular\"><table class=\"has-light-green-cyan-to-vivid-green-cyan-gradient-background has-background\"><tbody><tr><td class=\"has-text-align-center\" data-align=\"center\"><strong>ASPIRANTES A INGRESO<\/strong><\/td><td class=\"has-text-align-center\" data-align=\"center\">               <strong>EDAD<\/strong>                 <\/td><td class=\"has-text-align-center\" data-align=\"center\">     <strong>ENLACE<\/strong>       <\/td><\/tr><tr><td class=\"has-text-align-center\" data-align=\"center\"><strong>Ingresantes a FOBA INSTRUMENTO<\/strong><\/td><td class=\"has-text-align-center\" data-align=\"center\">Ni\u00f1os de 9 a 13 a\u00f1os.<br>Adultos a partir de 14 a\u00f1os<br>cumplidos al 30\/6\/2026<\/td><td class=\"has-text-align-center\" data-align=\"center\"><a rel=\"noreferrer noopener\" href=\"https:\/\/cja-bue.infd.edu.ar\/sitio\/wp-content\/uploads\/2025\/11\/INGRESO-FOBA-INSTRUMENTO2026.pdf\" data-type=\"URL\" data-id=\"https:\/\/cja-bue.infd.edu.ar\/sitio\/wp-content\/uploads\/2025\/11\/INGRESO-FOBA-INSTRUMENTO2026.pdf\" target=\"_blank\">CLICK AQUI<\/a><\/td><\/tr><tr><td class=\"has-text-align-center\" data-align=\"center\"><strong>Ingresantes a FOBA CANTO<\/strong><br><br><\/td><td class=\"has-text-align-center\" data-align=\"center\">14 a\u00f1os cumplidos <br>al 30\/6\/26<\/td><td class=\"has-text-align-center\" data-align=\"center\"><a href=\"https:\/\/cja-bue.infd.edu.ar\/sitio\/wp-content\/uploads\/2025\/11\/INGRESO-CANTO-2026.pdf\" data-type=\"URL\" data-id=\"https:\/\/cja-bue.infd.edu.ar\/sitio\/wp-content\/uploads\/2025\/11\/INGRESO-CANTO-2026.pdf\" target=\"_blank\" rel=\"noreferrer noopener\">CLICK AQUI<\/a><\/td><\/tr><tr><td class=\"has-text-align-center\" data-align=\"center\"><strong>Ingresantes a FOBA EDUCACI\u00d3N <\/strong><br><strong>para: <\/strong><strong>Educaci\u00f3n Musical<br>y Direcci\u00f3n Coral<\/strong><\/td><td class=\"has-text-align-center\" data-align=\"center\">A partir de 16 a\u00f1os <br>cumplidos.<\/td><td class=\"has-text-align-center\" data-align=\"center\"><br><a href=\"https:\/\/cja-bue.infd.edu.ar\/sitio\/wp-content\/uploads\/2025\/11\/INGRESO-FOBA-EDU-2026.pdf\" data-type=\"URL\" data-id=\"https:\/\/cja-bue.infd.edu.ar\/sitio\/wp-content\/uploads\/2025\/11\/INGRESO-FOBA-EDU-2026.pdf\" target=\"_blank\" rel=\"noreferrer noopener\">CLICK AQUI<\/a><br><\/td><\/tr><\/tbody><\/table><figcaption class=\"wp-element-caption\"><br>Abrir enlace y descargar archivo en CLICK AQUI seg\u00fan FOBA elegida.<\/figcaption><\/figure>\n\n\n\n<div style=\"height:29px\" aria-hidden=\"true\" class=\"wp-block-spacer\"><\/div>\n\n\n\n<h3 class=\"wp-block-heading\">PASO 2.- <strong>Muestra\/charla para ingresantes:&nbsp;<\/strong><\/h3>\n\n\n\n<h5 class=\"wp-block-heading has-medium-font-size\" style=\"font-style:normal;font-weight:500\">D\u00eda: S\u00c1BADO 15\/11\/25 &#8211; 10 hs&nbsp;<\/h5>\n\n\n\n<h5 class=\"wp-block-heading has-medium-font-size\" style=\"font-style:normal;font-weight:500\">Lugar: Gimnasio E.P. N\u00ba 31 Calle Larroque 251, Banfield<\/h5>\n\n\n\n<div style=\"height:31px\" aria-hidden=\"true\" class=\"wp-block-spacer\"><\/div>\n\n\n\n<h2 class=\"wp-block-heading has-large-font-size\">PASO 3.- <strong>Entrega de documentaci\u00f3n<\/strong> (este paso completa y confirma la inscripci\u00f3n)<\/h2>\n\n\n\n<p>Una vez realizada la Pre-inscripci\u00f3n recibir\u00e1n un mail autom\u00e1tico en el cual se comunicar\u00e1 el d\u00eda de entrega seg\u00fan instrumento elegido.<\/p>\n\n\n\n<h5 class=\"wp-block-heading has-text-align-left\"><strong>HORARIOS DE INSCRIPCI\u00d3N:<\/strong><\/h5>\n\n\n\n<p class=\"has-text-align-left\"><strong>Sede (Banfield): de lunes a viernes de 8 a 11:30hs \/ 13 a 16:30hs \/ 18 a 21:30hs <\/strong> \/ <strong>S\u00e1bados de 9 a 13hs <\/strong><\/p>\n\n\n\n<p class=\"has-text-align-left\"><strong>Anexo (Temperley):&nbsp;de lunes a viernes de 18 a 21:30hs<\/strong><\/p>\n\n\n\n<h5 class=\"wp-block-heading has-medium-font-size\" style=\"font-style:normal;font-weight:500\"><strong>DOCUMENTACI\u00d3N REQUERIDA:<\/strong> <\/h5>\n\n\n\n<ul>\n<li>Planilla de inscripci\u00f3n.<\/li>\n\n\n\n<li>Fotocopia de DNI del ingresante.<\/li>\n\n\n\n<li>Constancia de estudios o anal\u00edtico \/Constancia de alumno regular<\/li>\n\n\n\n<li>Autorizaci\u00f3n de retiro (s\u00f3lo menores de edad)<\/li>\n\n\n\n<li>Planilla de autorizaci\u00f3n de salidas educativas (s\u00f3lo menores de edad)<\/li>\n\n\n\n<li>Autorizaci\u00f3n del uso de la imagen (adultos y menores)<\/li>\n\n\n\n<li>Folio tama\u00f1o oficio<\/li>\n\n\n\n<li>FOBA CANTO: ver documentaci\u00f3n espec\u00edfica.<\/li>\n<\/ul>\n\n\n\n<h4 class=\"wp-block-heading has-text-align-center\"><strong><a href=\"http:\/\/cja-bue.infd.edu.ar\/sitio\/documentacion-ingresantes\/\" data-type=\"URL\" data-id=\"cja-bue.infd.edu.ar\/sitio\/documentacion-ingresantes\/\">DOCUMENTACI\u00d3N A DESCARGAR<\/a><\/strong><\/h4>\n","protected":false},"excerpt":{"rendered":"<p>INICIO DE CLASES Febrero 2026 INGRESANTES&nbsp;a FOBA (2do llamado) Preinscripci\u00f3n ingresantes&nbsp;del 18\/02 al 27\/02 por el siguiente enlace:&nbsp;http:\/\/consaguirre.prox.com.ar\/inscripcion Entrega de documentaci\u00f3n y confirmaci\u00f3n de inscripci\u00f3n: del 02 al 07\/03&nbsp;(s\u00f3lo para los niveles\/talleres e instrumentos donde haya vacantes). Ver documentaci\u00f3n requerida para Ingresantes&nbsp;AQUI Octubre 2025 IMPORTANTE: la inscripci\u00f3n se completa luego de realizar los 3 pasos &#8230; <a title=\"INGRESANTES 2026\" class=\"read-more\" href=\"https:\/\/cja-bue.infd.edu.ar\/sitio\/ingresantes-2026\/\" aria-label=\"More on INGRESANTES 2026\">[+]<\/a><\/p>\n","protected":false},"author":48,"featured_media":0,"parent":0,"menu_order":0,"comment_status":"closed","ping_status":"closed","template":"","meta":[],"acf":[],"_links":{"self":[{"href":"https:\/\/cja-bue.infd.edu.ar\/sitio\/wp-json\/wp\/v2\/pages\/1329"}],"collection":[{"href":"https:\/\/cja-bue.infd.edu.ar\/sitio\/wp-json\/wp\/v2\/pages"}],"about":[{"href":"https:\/\/cja-bue.infd.edu.ar\/sitio\/wp-json\/wp\/v2\/types\/page"}],"author":[{"embeddable":true,"href":"https:\/\/cja-bue.infd.edu.ar\/sitio\/wp-json\/wp\/v2\/users\/48"}],"replies":[{"embeddable":true,"href":"https:\/\/cja-bue.infd.edu.ar\/sitio\/wp-json\/wp\/v2\/comments?post=1329"}],"version-history":[{"count":14,"href":"https:\/\/cja-bue.infd.edu.ar\/sitio\/wp-json\/wp\/v2\/pages\/1329\/revisions"}],"predecessor-version":[{"id":1536,"href":"https:\/\/cja-bue.infd.edu.ar\/sitio\/wp-json\/wp\/v2\/pages\/1329\/revisions\/1536"}],"wp:attachment":[{"href":"https:\/\/cja-bue.infd.edu.ar\/sitio\/wp-json\/wp\/v2\/media?parent=1329"}],"curies":[{"name":"wp","href":"https:\/\/api.w.org\/{rel}","templated":true}]}}